{"id":1493,"date":"2026-01-26T11:15:17","date_gmt":"2026-01-26T11:15:17","guid":{"rendered":"https:\/\/closcien.com\/?page_id=1493"},"modified":"2026-01-26T13:05:43","modified_gmt":"2026-01-26T13:05:43","slug":"clos-cien-wine-news-newsletter-signup","status":"publish","type":"page","link":"https:\/\/closcien.com\/es\/clos-cien-wine-news-newsletter-signup\/","title":{"rendered":"Inscripci\u00f3n al bolet\u00edn CLOS CIEN"},"content":{"rendered":"<div class=\"wp-block-group alignfull has-global-padding is-layout-constrained wp-block-group-is-layout-constrained\" style=\"margin-top:0;margin-bottom:0;padding-top:var(--wp--preset--spacing--70);padding-bottom:var(--wp--preset--spacing--70)\">\n<p class=\"has-text-align-center\"><strong>La mezcla<\/strong> Bolet\u00edn<\/p>\n\n\n\n<p class=\"has-text-align-center has-x-large-font-size\"><strong>Perspectivas del vino de La Rioja.<\/strong><\/p>\n\n\n\n<p class=\"has-text-align-center\">Se entrega cada dos semanas.<\/p>\n\n\n\n<div class=\"wp-block-group is-vertical is-content-justification-center is-layout-flex wp-container-core-group-is-layout-ce155fab wp-block-group-is-layout-flex\">\n<p class=\"has-text-align-center has-small-font-size\">Cada dos semanas compartimos lo que est\u00e1 ocurriendo en CLOS CIEN, junto con los mejores art\u00edculos, podcasts y reflexiones sobre el vino que hemos encontrado.<\/p>\n\n\n\n<p class=\"has-text-align-center has-small-font-size\">Se ha convertido en algo que m\u00e1s de 250 amantes del vino esperan con aut\u00e9ntica ilusi\u00f3n.<\/p>\n\n\n\n<p class=\"has-text-align-center has-small-font-size\"><em><strong>M\u00e1s de 90% abren cada n\u00famero.<\/strong> <br>Nunca compartiremos sus datos.<\/em><\/p>\n<\/div>\n\n\n\n<div class=\"wp-block-group has-custom-c-100-bg-color has-custom-c-100-blue-background-color has-text-color has-background has-link-color wp-elements-6117f927d6674aeca2e25e60ac1f5f05 has-global-padding is-layout-constrained wp-container-core-group-is-layout-6ee3f45b wp-block-group-is-layout-constrained\" style=\"border-top-left-radius:8px;border-top-right-radius:8px;border-bottom-left-radius:8px;border-bottom-right-radius:8px;margin-top:var(--wp--preset--spacing--50);padding-top:var(--wp--preset--spacing--50);padding-right:var(--wp--preset--spacing--50);padding-bottom:var(--wp--preset--spacing--50);padding-left:var(--wp--preset--spacing--50)\"><p><div class=\"forminator-ui forminator-custom-form forminator-custom-form-1385 forminator-design--default forminator-enclosed forminator_ajax\" data-forminator-render=\"0\" data-form=\"forminator-module-1385\" data-uid=\"69f8f52632d9e\"><br\/><\/div><form\n\t\t\t\tid=\"forminator-module-1385\"\n\t\t\t\tclass=\"forminator-ui forminator-custom-form forminator-custom-form-1385 forminator-design--default forminator-enclosed forminator_ajax\"\n\t\t\t\tmethod=\"post\"\n\t\t\t\tdata-forminator-render=\"0\"\n\t\t\t\tdata-form-id=\"1385\"\n\t\t\t\t data-color-option=\"theme\" data-design=\"default\" data-grid=\"enclosed\" style=\"display: none;\"\n\t\t\t\tdata-uid=\"69f8f52632d9e\" action=\"\"\n\t\t\t><div role=\"alert\" aria-live=\"polite\" class=\"forminator-response-message forminator-error\" aria-hidden=\"true\"><\/div><div class=\"forminator-row\"><div id=\"name-1\" class=\"forminator-field-name forminator-col forminator-col-12\"><div class=\"forminator-field\"><label for=\"forminator-field-name-1_69f8f52632d9e\" id=\"forminator-field-name-1_69f8f52632d9e-label\" class=\"forminator-label\">Nombre<\/label><input type=\"text\" name=\"name-1\" value=\"\" placeholder=\"\" id=\"forminator-field-name-1_69f8f52632d9e\" class=\"forminator-input forminator-name--field\" aria-required=\"false\" autocomplete=\"name\" \/><\/div><\/div><\/div><div class=\"forminator-row\"><div id=\"email-1\" class=\"forminator-field-email forminator-col forminator-col-12\"><div class=\"forminator-field\"><label for=\"forminator-field-email-1_69f8f52632d9e\" id=\"forminator-field-email-1_69f8f52632d9e-label\" class=\"forminator-label\">Correo electr\u00f3nico profesional <span class=\"forminator-required\">*<\/span><\/label><input type=\"email\" name=\"email-1\" value=\"\" placeholder=\"\" id=\"forminator-field-email-1_69f8f52632d9e\" class=\"forminator-input forminator-email--field\" data-required=\"1\" aria-required=\"true\" autocomplete=\"email\" \/><\/div><\/div><\/div><div class=\"forminator-row\"><div id=\"consent-1\" class=\"forminator-field-consent forminator-col forminator-col-12\"><div class=\"forminator-field\"><label for=\"forminator-field-consent-1_69f8f52632d9e\" id=\"forminator-field-consent-1_69f8f52632d9e-label\" class=\"forminator-label\">Consentimiento <span class=\"forminator-required\">*<\/span><\/label><div class=\"forminator-checkbox__wrapper\"><label id=\"forminator-field-consent-1_69f8f52632d9e__label\" class=\"forminator-checkbox forminator-consent\"><input type=\"checkbox\" name=\"consent-1\" id=\"forminator-field-consent-1_69f8f52632d9e\" value=\"checked\" aria-labelledby=\"forminator-field-consent-1_69f8f52632d9e-label\" aria-describedby=\"forminator-field-consent-1_69f8f52632d9e__description\" data-required=\"true\" aria-required=\"true\" \/><span class=\"forminator-checkbox-box\" aria-hidden=\"true\"><\/span><\/label><div id=\"forminator-field-consent-1_69f8f52632d9e__description\" class=\"forminator-checkbox__label forminator-consent__label\"><p>S\u00ed, tengo edad para consumir alcohol y acepto las&nbsp;<a rel=\"noopener\" target=\"_blank\" href=\"https:\/\/closcien.com\/es\/aviso-de-privacidad\/\" style=\"color: #ad4d5c;text-decoration: underline\">Pol\u00edtica de privacidad.<\/a><\/p><\/div><\/div><\/div><\/div><\/div><div class=\"forminator-row forminator-hidden\"><div id=\"hidden-1\" class=\"forminator-field-hidden  forminator-col-12\"><input type=\"hidden\" id=\"hidden-1_69f8f52632d9e\" name=\"hidden-1\" value=\"Newsletter Sign Up Home\" \/><\/div><\/div><div class=\"forminator-row\"><div id=\"captcha-1\" class=\"forminator-field-captcha forminator-col forminator-col-12\"><div class=\"forminator-captcha-left forminator-g-recaptcha recaptcha-invisible\" data-theme=\"light\" data-badge=\"inline\" data-sitekey=\"6LfeNporAAAAALdyB-pPc2jZ3WqXs3RbJDKUaCXN\" data-size=\"invisible\"><\/div> <\/div><\/div><input type=\"hidden\" name=\"referer_url\" value=\"\" \/><div class=\"forminator-row forminator-row-last\"><div class=\"forminator-col\"><div class=\"forminator-field\"><button class=\"forminator-button forminator-button-submit\">Obtener la mezcla<\/button><\/div><\/div><\/div><input type=\"hidden\" id=\"forminator_nonce\" name=\"forminator_nonce\" value=\"cddd1adf8e\" \/><input type=\"hidden\" name=\"_wp_http_referer\" value=\"\/es\/wp-json\/wp\/v2\/pages\/1493\" \/><input type=\"hidden\" name=\"form_id\" value=\"1385\"><input type=\"hidden\" name=\"page_id\" value=\"1493\"><input type=\"hidden\" name=\"form_type\" value=\"default\"><input type=\"hidden\" name=\"current_url\" value=\"https:\/\/closcien.com\/es\/clos-cien-wine-news-newsletter-signup\/\"><input type=\"hidden\" name=\"render_id\" value=\"0\"><input type=\"hidden\" name=\"action\" value=\"forminator_submit_form_custom-forms\"><input type=\"hidden\" name=\"trp-form-language\" value=\"es\"\/><\/form><\/p>\n<\/div>\n<\/div>","protected":false},"excerpt":{"rendered":"<p>The Blend Newsletter Wine insights from La Rioja. Delivered every two weeks. Every two weeks we share what&#8217;s happening at CLOS CIEN, along with the best wine articles, podcasts, and insights we&#8217;ve come across. It&#8217;s become something over 250 wine lovers genuinely look forward to. Over 90% open every issue. We&#8217;ll never share your details.<\/p>","protected":false},"author":1,"featured_media":0,"parent":0,"menu_order":0,"comment_status":"closed","ping_status":"closed","template":"wp-custom-template-pages-with-navigation","meta":{"footnotes":""},"class_list":["post-1493","page","type-page","status-publish","hentry"],"_links":{"self":[{"href":"https:\/\/closcien.com\/es\/wp-json\/wp\/v2\/pages\/1493","targetHints":{"allow":["GET"]}}],"collection":[{"href":"https:\/\/closcien.com\/es\/wp-json\/wp\/v2\/pages"}],"about":[{"href":"https:\/\/closcien.com\/es\/wp-json\/wp\/v2\/types\/page"}],"author":[{"embeddable":true,"href":"https:\/\/closcien.com\/es\/wp-json\/wp\/v2\/users\/1"}],"replies":[{"embeddable":true,"href":"https:\/\/closcien.com\/es\/wp-json\/wp\/v2\/comments?post=1493"}],"version-history":[{"count":11,"href":"https:\/\/closcien.com\/es\/wp-json\/wp\/v2\/pages\/1493\/revisions"}],"predecessor-version":[{"id":1507,"href":"https:\/\/closcien.com\/es\/wp-json\/wp\/v2\/pages\/1493\/revisions\/1507"}],"wp:attachment":[{"href":"https:\/\/closcien.com\/es\/wp-json\/wp\/v2\/media?parent=1493"}],"curies":[{"name":"wp","href":"https:\/\/api.w.org\/{rel}","templated":true}]}}