{"id":1303,"date":"2025-09-15T13:27:34","date_gmt":"2025-09-15T13:27:34","guid":{"rendered":"https:\/\/closcien.com\/?page_id=1303"},"modified":"2026-02-09T14:48:54","modified_gmt":"2026-02-09T14:48:54","slug":"asociaciones-comisariadas-clos-cien","status":"publish","type":"page","link":"https:\/\/closcien.com\/es\/clos-cien-curated-partnerships\/","title":{"rendered":"Asociaciones comisariadas por CLOS CIEN"},"content":{"rendered":"<div class=\"wp-block-cover alignfull has-parallax wp-duotone-unset-1\" style=\"margin-top:0;padding-top:8vw;padding-right:4vw;padding-bottom:8vw;padding-left:4vw\"><div class=\"wp-block-cover__image-background wp-image-193 size-full has-parallax\" style=\"background-position:50% 50%;background-image:url(https:\/\/closcien.com\/wp-content\/uploads\/2025\/04\/hand-holding-grapes.png)\"><\/div><span aria-hidden=\"true\" class=\"wp-block-cover__background has-custom-c-100-blue-background-color has-background-dim\"><\/span><div class=\"wp-block-cover__inner-container has-global-padding is-layout-constrained wp-container-core-cover-is-layout-93c0d1de wp-block-cover-is-layout-constrained\">\n<div class=\"wp-block-group alignwide has-global-padding is-layout-constrained wp-container-core-group-is-layout-5a30f31b wp-block-group-is-layout-constrained\">\n<p class=\"has-text-align-center\" style=\"font-size:clamp(2.2em, 2.2rem + ((1vw - 0.2em) * 2.824), 4em);font-style:normal;font-weight:400;letter-spacing:0px;line-height:0.9\">Asociaciones seleccionadas<\/p>\n\n\n\n<p class=\"has-text-align-center is-style-default has-large-font-size\" style=\"line-height:1.5\">En CLOS CIEN, creemos que las experiencias excepcionales se mejoran a trav\u00e9s de asociaciones cuidadosamente seleccionadas con marcas que comparten nuestro compromiso con la excelencia, la exclusividad y la artesan\u00eda.<\/p>\n<\/div>\n<\/div><\/div>\n\n\n\n<div class=\"wp-block-group alignfull has-global-padding is-layout-constrained wp-block-group-is-layout-constrained\" style=\"margin-top:0;margin-bottom:0;padding-top:var(--wp--preset--spacing--80);padding-bottom:var(--wp--preset--spacing--50)\">\n<div class=\"wp-block-columns is-layout-flex wp-container-core-columns-is-layout-9c22b1e3 wp-block-columns-is-layout-flex\">\n<div class=\"wp-block-column is-vertically-aligned-top is-layout-flow wp-block-column-is-layout-flow\" style=\"flex-basis:100%\">\n<h1 class=\"wp-block-heading has-calluna-font-family has-xx-large-font-size\">Asociaciones<\/h1>\n<\/div>\n<\/div>\n\n\n\n<div class=\"wp-block-group is-vertical is-layout-flex wp-container-core-group-is-layout-fe9cc265 wp-block-group-is-layout-flex\">\n<p class=\"has-text-align-left\">Estamos desarrollando activamente alianzas estrat\u00e9gicas con marcas de estilo de vida de lujo, instituciones culturales y proveedores de servicios de primera calidad que encajan con los refinados gustos y sofisticados estilos de vida de nuestros afiliados.<\/p>\n\n\n\n<p><em>Estas asociaciones ofrecer\u00e1n a nuestros miembros acceso exclusivo a:<\/em><\/p>\n\n\n\n<ul class=\"wp-block-list\">\n<li><em>Eventos y experiencias privadas<\/em><\/li>\n\n\n\n<li><em>Tarifas preferentes y trato VIP<\/em><\/li>\n\n\n\n<li><em>Oportunidades culturales y educativas \u00fanicas<\/em><\/li>\n\n\n\n<li><em>Acceso a servicios complementarios de lujo<\/em><\/li>\n<\/ul>\n\n\n\n<p class=\"has-text-align-left\"><em>Si representa a una marca que comparte nuestros valores de calidad, exclusividad y experiencias excepcionales para los miembros, le invitamos a explorar las oportunidades de asociaci\u00f3n con CLOS CIEN.<\/em><\/p>\n<\/div>\n<\/div>\n\n\n\n<div class=\"wp-block-columns alignwide are-vertically-aligned-top is-layout-flex wp-container-core-columns-is-layout-e569b19d wp-block-columns-is-layout-flex\" style=\"padding-top:var(--wp--preset--spacing--80);padding-right:0;padding-bottom:var(--wp--preset--spacing--80);padding-left:0\">\n<div class=\"wp-block-column is-vertically-aligned-top is-layout-flow wp-block-column-is-layout-flow\" style=\"flex-basis:40%\">\n<h2 class=\"wp-block-heading is-style-default has-calluna-font-family has-xx-large-font-size\">\u00bfLe interesa crecer codo con codo?<\/h2>\n\n\n\n<p>D\u00e9janos tus datos y conectemos.<\/p>\n<\/div>\n\n\n\n<div class=\"wp-block-column is-layout-flow wp-container-core-column-is-layout-8a368f38 wp-block-column-is-layout-flow\" style=\"flex-basis:60%\"><p><div class=\"forminator-ui forminator-custom-form forminator-custom-form-1306 forminator-design--default forminator-enclosed forminator_ajax\" data-forminator-render=\"0\" data-form=\"forminator-module-1306\" data-uid=\"69f8e0c06619a\"><br\/><\/div><form\n\t\t\t\tid=\"forminator-module-1306\"\n\t\t\t\tclass=\"forminator-ui forminator-custom-form forminator-custom-form-1306 forminator-design--default forminator-enclosed forminator_ajax\"\n\t\t\t\tmethod=\"post\"\n\t\t\t\tdata-forminator-render=\"0\"\n\t\t\t\tdata-form-id=\"1306\"\n\t\t\t\t data-color-option=\"theme\" data-design=\"default\" data-grid=\"enclosed\" style=\"display: none;\"\n\t\t\t\tdata-uid=\"69f8e0c06619a\" action=\"\"\n\t\t\t><div role=\"alert\" aria-live=\"polite\" class=\"forminator-response-message forminator-error\" aria-hidden=\"true\"><\/div><div class=\"forminator-pagination-progress\" aria-hidden=\"true\"><\/div><div\n\t\t\t\ttabindex=\"-1\"\n\t\t\t\trole=\"tabpanel\"\n\t\t\t\tid=\"forminator-custom-form-1306--page-0\"\n\t\t\t\tclass=\"forminator-pagination forminator-pagination-start\"\n\t\t\t\taria-labelledby=\"forminator-custom-form-1306--page-0-label\"\n\t\t\t\tdata-step=\"0\"\n\t\t\t\tdata-label=\"Finish\"\n\t\t\t\tdata-actual-label=\"Contact Information\"\n\t\t\t\tdata-name=\"page-break-1\"\n\t\t\t><div class=\"forminator-pagination--content\"><div class=\"forminator-row\"><div id=\"name-1\" class=\"forminator-field-name forminator-col forminator-col-12\"><div class=\"forminator-row forminator-no-margin\" data-multiple=\"true\"><div class=\"forminator-col forminator-col-md-6\"><div class=\"forminator-field\"><label for=\"forminator-field-first-name-1_69f8e0c06619a\" id=\"forminator-field-first-name-1_69f8e0c06619a-label\" class=\"forminator-label\">Nombre <span class=\"forminator-required\">*<\/span><\/label><input type=\"text\" name=\"name-1-first-name\" placeholder=\"\" id=\"forminator-field-first-name-1_69f8e0c06619a\" class=\"forminator-input\" aria-required=\"true\" data-multi=\"1\" autocomplete=\"given-name\" value=\"\" \/><\/div><\/div><div class=\"forminator-col forminator-col-md-6\"><div class=\"forminator-field\"><label for=\"forminator-field-last-name-1_69f8e0c06619a\" id=\"forminator-field-last-name-1_69f8e0c06619a-label\" class=\"forminator-label\">Apellido <span class=\"forminator-required\">*<\/span><\/label><input type=\"text\" name=\"name-1-last-name\" placeholder=\"\" id=\"forminator-field-last-name-1_69f8e0c06619a\" class=\"forminator-input\" aria-required=\"true\" data-multi=\"1\" autocomplete=\"family-name\" value=\"\" \/><\/div><\/div><\/div><\/div><\/div><div class=\"forminator-row\"><div id=\"text-1\" class=\"forminator-field-text forminator-col forminator-col-12\"><div class=\"forminator-field\"><label for=\"forminator-field-text-1_69f8e0c06619a\" id=\"forminator-field-text-1_69f8e0c06619a-label\" class=\"forminator-label\">Puesto de trabajo<\/label><input type=\"text\" name=\"text-1\" value=\"\" placeholder=\"\" id=\"forminator-field-text-1_69f8e0c06619a\" class=\"forminator-input forminator-name--field\" data-required=\"\" \/><\/div><\/div><\/div><div class=\"forminator-row\"><div id=\"text-2\" class=\"forminator-field-text forminator-col forminator-col-12\"><div class=\"forminator-field\"><label for=\"forminator-field-text-2_69f8e0c06619a\" id=\"forminator-field-text-2_69f8e0c06619a-label\" class=\"forminator-label\">Nombre de la empresa <span class=\"forminator-required\">*<\/span><\/label><input type=\"text\" name=\"text-2\" value=\"\" placeholder=\"\" id=\"forminator-field-text-2_69f8e0c06619a\" class=\"forminator-input forminator-name--field\" data-required=\"1\" \/><\/div><\/div><\/div><div class=\"forminator-row\"><div id=\"email-1\" class=\"forminator-field-email forminator-col forminator-col-12\"><div class=\"forminator-field\"><label for=\"forminator-field-email-1_69f8e0c06619a\" id=\"forminator-field-email-1_69f8e0c06619a-label\" class=\"forminator-label\">Correo electr\u00f3nico profesional <span class=\"forminator-required\">*<\/span><\/label><input type=\"email\" name=\"email-1\" value=\"\" placeholder=\"\" id=\"forminator-field-email-1_69f8e0c06619a\" class=\"forminator-input forminator-email--field\" data-required=\"1\" aria-required=\"true\" autocomplete=\"email\" \/><\/div><\/div><\/div><div class=\"forminator-row\"><div id=\"phone-1\" class=\"forminator-field-phone forminator-col forminator-col-12\"><div class=\"forminator-field\"><label for=\"forminator-field-phone-1_69f8e0c06619a\" id=\"forminator-field-phone-1_69f8e0c06619a-label\" class=\"forminator-label\">N\u00famero de tel\u00e9fono <span class=\"forminator-required\">*<\/span><\/label><input type=\"text\" name=\"phone-1\" value=\"\" placeholder=\"\" id=\"forminator-field-phone-1_69f8e0c06619a\" class=\"forminator-input forminator-field--phone\" data-required=\"1\" aria-required=\"true\" autocomplete=\"off\" data-national_mode=\"disabled\" data-country=\"gb\" data-validation=\"international\" \/><\/div><\/div><\/div><div class=\"forminator-row\"><div id=\"url-1\" class=\"forminator-field-url forminator-col forminator-col-12\"><div class=\"forminator-field\"><label for=\"forminator-field-url-1_69f8e0c06619a\" id=\"forminator-field-url-1_69f8e0c06619a-label\" class=\"forminator-label\">P\u00e1gina web <span class=\"forminator-required\">*<\/span><\/label><input type=\"url\" name=\"url-1\" value=\"\" placeholder=\"\" id=\"forminator-field-url-1_69f8e0c06619a\" class=\"forminator-input forminator-website--field\" data-required=\"1\" aria-required=\"true\" \/><\/div><\/div><\/div><\/div><\/div><div\n\t\t\t\ttabindex=\"-1\"\n\t\t\t\trole=\"tabpanel\"\n\t\t\t\tid=\"forminator-custom-form-1306--page-1\"\n\t\t\t\tclass=\"forminator-pagination\"\n\t\t\t\taria-labelledby=\"forminator-custom-form-1306--page-1-label\"\n\t\t\t\taria-hidden=\"true\"\n\t\t\t\tdata-step=\"1\"\n\t\t\t\tdata-label=\"Contact Information\"\n\t\t\t\tdata-actual-label=\"Partnership Context\"\n\t\t\t\tdata-name=\"page-break-2\"\n\t\t\t\thidden\n\t\t\t><div class=\"forminator-pagination--content\"><div class=\"forminator-row\"><div id=\"select-1\" class=\"forminator-field-select forminator-col forminator-col-12\"><div class=\"forminator-field\"><label for=\"forminator-form-1306__field--select-1_69f8e0c06619a\" id=\"forminator-form-1306__field--select-1_69f8e0c06619a-label\" class=\"forminator-label\">Participaci\u00f3n en la sociedad<\/label><select  id=\"forminator-form-1306__field--select-1_69f8e0c06619a\" class=\"forminator-select--field forminator-select2 forminator-select2-multiple\" data-required=\"\" name=\"select-1\" data-default-value=\"\" data-hidden-behavior=\"zero\" data-placeholder=\"\" data-search=\"false\" data-search-placeholder=\"\" data-checkbox=\"false\" data-allow-clear=\"false\" aria-labelledby=\"forminator-form-1306__field--select-1_69f8e0c06619a-label\"><option value=\"one\"  data-calculation=\"0\">Asociaci\u00f3n con una marca de lujo<\/option><option value=\"two\"  data-calculation=\"0\">Colaboraci\u00f3n en el sector del vino y las bebidas espirituosas<\/option><option value=\"Cultural-&amp;-Experiential-Partnership\"  data-calculation=\"0\">Asociaci\u00f3n cultural y experiencial<\/option><option value=\"Professional-Services-Alliance\"  data-calculation=\"0\">Alianza de Servicios Profesionales<\/option><option value=\"Event-Sponsorship-Opportunity\"  data-calculation=\"0\">Oportunidad de patrocinar un evento<\/option><option value=\"Other-(please-specify)\"  data-calculation=\"0\">Otros (especifique)<\/option><\/select><\/div><\/div><\/div><div class=\"forminator-row\"><div id=\"select-2\" class=\"forminator-field-select forminator-col forminator-col-12\"><div class=\"forminator-field\"><label for=\"forminator-form-1306__field--select-2_69f8e0c06619a\" id=\"forminator-form-1306__field--select-2_69f8e0c06619a-label\" class=\"forminator-label\">Perfil de la empresa<\/label><select  id=\"forminator-form-1306__field--select-2_69f8e0c06619a\" class=\"forminator-select--field forminator-select2 forminator-select2-multiple\" data-required=\"\" name=\"select-2\" data-default-value=\"\" data-hidden-behavior=\"zero\" data-placeholder=\"\" data-search=\"false\" data-search-placeholder=\"\" data-checkbox=\"false\" data-allow-clear=\"false\" aria-labelledby=\"forminator-form-1306__field--select-2_69f8e0c06619a-label\"><option value=\"one\"  data-calculation=\"0\">Puesta en marcha (1-10 empleados)<\/option><option value=\"two\"  data-calculation=\"0\">Peque\u00f1a empresa (11-50 empleados)<\/option><option value=\"Cultural-&amp;-Experiential-Partnership\"  data-calculation=\"0\">Mediana empresa (51-200 empleados)<\/option><option value=\"Professional-Services-Alliance\"  data-calculation=\"0\">Gran empresa (m\u00e1s de 200 empleados)<\/option><option value=\"Event-Sponsorship-Opportunity\"  data-calculation=\"0\">Instituci\u00f3n cultural sin \u00e1nimo de lucro<\/option><\/select><\/div><\/div><\/div><div class=\"forminator-row\"><div id=\"select-3\" class=\"forminator-field-select forminator-col forminator-col-12\"><div class=\"forminator-field\"><label for=\"forminator-form-1306__field--select-3_69f8e0c06619a\" id=\"forminator-form-1306__field--select-3_69f8e0c06619a-label\" class=\"forminator-label\">Sector industrial<\/label><select  id=\"forminator-form-1306__field--select-3_69f8e0c06619a\" class=\"forminator-select--field forminator-select2 forminator-select2-multiple\" data-required=\"\" name=\"select-3\" data-default-value=\"\" data-hidden-behavior=\"zero\" data-placeholder=\"\" data-search=\"false\" data-search-placeholder=\"\" data-checkbox=\"false\" data-allow-clear=\"false\" aria-labelledby=\"forminator-form-1306__field--select-3_69f8e0c06619a-label\"><option value=\"one\"  data-calculation=\"0\">Autom\u00f3viles de lujo<\/option><option value=\"two\"  data-calculation=\"0\">Moda y accesorios<\/option><option value=\"Cultural-&amp;-Experiential-Partnership\"  data-calculation=\"0\">Hosteler\u00eda y viajes<\/option><option value=\"Professional-Services-Alliance\"  data-calculation=\"0\">Alta cocina y gastronom\u00eda<\/option><option value=\"Event-Sponsorship-Opportunity\"  data-calculation=\"0\">Arte y cultura<\/option><option value=\"Financial-Services\"  data-calculation=\"0\">Servicios financieros<\/option><option value=\"Wine-&amp;-Spirits\"  data-calculation=\"0\">Vinos y licores<\/option><option value=\"Professional-Services\"  data-calculation=\"0\">Servicios profesionales<\/option><option value=\"Technology\"  data-calculation=\"0\">Tecnolog\u00eda<\/option><option value=\"Other\"  data-calculation=\"0\">Otros<\/option><\/select><\/div><\/div><\/div><\/div><\/div><div\n\t\t\t\ttabindex=\"-1\"\n\t\t\t\trole=\"tabpanel\"\n\t\t\t\tid=\"forminator-custom-form-1306--page-2\"\n\t\t\t\tclass=\"forminator-pagination\"\n\t\t\t\taria-labelledby=\"forminator-custom-form-1306--page-2-label\"\n\t\t\t\taria-hidden=\"true\"\n\t\t\t\tdata-step=\"2\"\n\t\t\t\tdata-label=\"Partnership Context\"\n\t\t\t\tdata-actual-label=\"Page 3\"\n\t\t\t\tdata-name=\"page-break-3\"\n\t\t\t\thidden\n\t\t\t><div class=\"forminator-pagination--content\"><div class=\"forminator-row\"><div id=\"textarea-1\" class=\"forminator-field-textarea forminator-col forminator-col-12\"><div class=\"forminator-field\"><label for=\"forminator-field-textarea-1_69f8e0c06619a\" id=\"forminator-field-textarea-1_69f8e0c06619a-label\" class=\"forminator-label\">Breve descripci\u00f3n de la empresa<\/label><span id=\"forminator-field-textarea-1_69f8e0c06619a-description\" class=\"forminator-description\">Describa su empresa, productos\/servicios clave y p\u00fablico objetivo<span data-limit=\"200\" data-type=\"words\" data-editor=\"\">0 \/ 200<\/span><\/span><textarea name=\"textarea-1\" placeholder=\"\" id=\"forminator-field-textarea-1_69f8e0c06619a\" class=\"forminator-textarea\" rows=\"6\" style=\"--forminator-textarea-min-height:140px;\" aria-describedby=\"forminator-field-textarea-1_69f8e0c06619a-description\" ><\/textarea><\/div><\/div><\/div><div class=\"forminator-row\"><div id=\"textarea-2\" class=\"forminator-field-textarea forminator-col forminator-col-12\"><div class=\"forminator-field\"><label for=\"forminator-field-textarea-2_69f8e0c06619a\" id=\"forminator-field-textarea-2_69f8e0c06619a-label\" class=\"forminator-label\">Visi\u00f3n de asociaci\u00f3n<\/label><span id=\"forminator-field-textarea-2_69f8e0c06619a-description\" class=\"forminator-description\">\u00bfC\u00f3mo cree que beneficiar\u00eda a nuestros miembros una asociaci\u00f3n con CLOS CIEN? \u00bfQu\u00e9 valor o experiencias \u00fanicas podr\u00eda ofrecer?<span data-limit=\"300\" data-type=\"words\" data-editor=\"\">0 \/ 300<\/span><\/span><textarea name=\"textarea-2\" placeholder=\"\" id=\"forminator-field-textarea-2_69f8e0c06619a\" class=\"forminator-textarea\" rows=\"6\" style=\"--forminator-textarea-min-height:140px;\" aria-describedby=\"forminator-field-textarea-2_69f8e0c06619a-description\" ><\/textarea><\/div><\/div><\/div><div class=\"forminator-row\"><div id=\"textarea-3\" class=\"forminator-field-textarea forminator-col forminator-col-12\"><div class=\"forminator-field\"><label for=\"forminator-field-textarea-3_69f8e0c06619a\" id=\"forminator-field-textarea-3_69f8e0c06619a-label\" class=\"forminator-label\">Asociaciones de lujo anteriores<\/label><span id=\"forminator-field-textarea-3_69f8e0c06619a-description\" class=\"forminator-description\">Comparta ejemplos de asociaciones con marcas de lujo o clubes privados<span data-limit=\"1500\" data-type=\"words\" data-editor=\"\">0 \/ 1500<\/span><\/span><textarea name=\"textarea-3\" placeholder=\"\" id=\"forminator-field-textarea-3_69f8e0c06619a\" class=\"forminator-textarea\" rows=\"6\" style=\"--forminator-textarea-min-height:140px;\" aria-describedby=\"forminator-field-textarea-3_69f8e0c06619a-description\" ><\/textarea><\/div><\/div><\/div><\/div><\/div><div\n\t\t\t\ttabindex=\"-1\"\n\t\t\t\trole=\"tabpanel\"\n\t\t\t\tid=\"forminator-custom-form-1306--page-3\"\n\t\t\t\tclass=\"forminator-pagination\"\n\t\t\t\taria-labelledby=\"forminator-custom-form-1306--page-3-label\"\n\t\t\t\taria-hidden=\"true\"\n\t\t\t\tdata-step=\"3\"\n\t\t\t\tdata-label=\"P\u00e1gina 3\"\n\t\t\t\tdata-actual-label=\"Finish\"\n\t\t\t\tdata-name=\"\"\n\t\t\t\thidden\n\t\t\t><div class=\"forminator-pagination--content\"><div class=\"forminator-row\"><div id=\"consent-1\" class=\"forminator-field-consent forminator-col forminator-col-12\"><div class=\"forminator-field\"><label for=\"forminator-field-consent-1_69f8e0c06619a\" id=\"forminator-field-consent-1_69f8e0c06619a-label\" class=\"forminator-label\">Consentimiento <span class=\"forminator-required\">*<\/span><\/label><div class=\"forminator-checkbox__wrapper\"><label id=\"forminator-field-consent-1_69f8e0c06619a__label\" class=\"forminator-checkbox forminator-consent\"><input type=\"checkbox\" name=\"consent-1\" id=\"forminator-field-consent-1_69f8e0c06619a\" value=\"checked\" aria-labelledby=\"forminator-field-consent-1_69f8e0c06619a-label\" aria-describedby=\"forminator-field-consent-1_69f8e0c06619a__description\" data-required=\"true\" aria-required=\"true\" \/><span class=\"forminator-checkbox-box\" aria-hidden=\"true\"><\/span><\/label><div id=\"forminator-field-consent-1_69f8e0c06619a__description\" class=\"forminator-checkbox__label forminator-consent__label\"><p>S\u00ed, tengo edad para consumir alcohol y acepto las&nbsp;<a rel=\"noopener\" target=\"_blank\" href=\"https:\/\/closcien.com\/es\/aviso-de-privacidad\/\" style=\"color: #5b5a57;text-decoration: underline\">Pol\u00edtica de privacidad.<\/a><\/p><\/div><\/div><\/div><\/div><\/div><div class=\"forminator-row forminator-hidden\"><div id=\"hidden-1\" class=\"forminator-field-hidden  forminator-col-12\"><input type=\"hidden\" id=\"hidden-1_69f8e0c06619a\" name=\"hidden-1\" value=\"Lead Gen Form Home\" \/><\/div><\/div><div class=\"forminator-row\"><div id=\"captcha-1\" class=\"forminator-field-captcha forminator-col forminator-col-12\"><div class=\"forminator-captcha-left forminator-g-recaptcha recaptcha-invisible\" data-theme=\"light\" data-badge=\"inline\" data-sitekey=\"6LfeNporAAAAALdyB-pPc2jZ3WqXs3RbJDKUaCXN\" data-size=\"invisible\"><\/div> <\/div><\/div><\/div><button class=\"forminator-button forminator-pagination-submit\" style=\"display: none;\" disabled>Enviar solicitud de asociaci\u00f3n<\/button><\/div><input type=\"hidden\" name=\"referer_url\" value=\"\" \/><input type=\"hidden\" id=\"forminator_nonce\" name=\"forminator_nonce\" value=\"946590d340\" \/><input type=\"hidden\" name=\"_wp_http_referer\" value=\"\/es\/wp-json\/wp\/v2\/pages\/1303\" \/><input type=\"hidden\" name=\"form_id\" value=\"1306\"><input type=\"hidden\" name=\"page_id\" value=\"1303\"><input type=\"hidden\" name=\"form_type\" value=\"default\"><input type=\"hidden\" name=\"current_url\" value=\"https:\/\/closcien.com\/es\/clos-cien-curated-partnerships\/\"><input type=\"hidden\" name=\"render_id\" value=\"0\"><input type=\"hidden\" name=\"action\" value=\"forminator_submit_form_custom-forms\"><input type=\"hidden\" name=\"trp-form-language\" value=\"es\"\/><\/form><\/p>\n<\/div>\n<\/div>","protected":false},"excerpt":{"rendered":"<p>Partnerships We are actively developing strategic alliances with luxury lifestyle brands, cultural institutions, and premium service providers who align with our members&#8217; refined tastes and sophisticated lifestyles. These partnerships will offer our members exclusive access to: If you represent a brand that shares our values of quality, exclusivity, and exceptional member experiences, we invite you [&hellip;]<\/p>\n","protected":false},"author":1,"featured_media":0,"parent":0,"menu_order":0,"comment_status":"closed","ping_status":"closed","template":"wp-custom-template-pages-with-navigation","meta":{"footnotes":""},"class_list":["post-1303","page","type-page","status-publish","hentry"],"_links":{"self":[{"href":"https:\/\/closcien.com\/es\/wp-json\/wp\/v2\/pages\/1303","targetHints":{"allow":["GET"]}}],"collection":[{"href":"https:\/\/closcien.com\/es\/wp-json\/wp\/v2\/pages"}],"about":[{"href":"https:\/\/closcien.com\/es\/wp-json\/wp\/v2\/types\/page"}],"author":[{"embeddable":true,"href":"https:\/\/closcien.com\/es\/wp-json\/wp\/v2\/users\/1"}],"replies":[{"embeddable":true,"href":"https:\/\/closcien.com\/es\/wp-json\/wp\/v2\/comments?post=1303"}],"version-history":[{"count":6,"href":"https:\/\/closcien.com\/es\/wp-json\/wp\/v2\/pages\/1303\/revisions"}],"predecessor-version":[{"id":1517,"href":"https:\/\/closcien.com\/es\/wp-json\/wp\/v2\/pages\/1303\/revisions\/1517"}],"wp:attachment":[{"href":"https:\/\/closcien.com\/es\/wp-json\/wp\/v2\/media?parent=1303"}],"curies":[{"name":"wp","href":"https:\/\/api.w.org\/{rel}","templated":true}]}}