{"id":1147,"date":"2025-07-25T16:00:50","date_gmt":"2025-07-25T16:00:50","guid":{"rendered":"https:\/\/closcien.com\/?page_id=1147"},"modified":"2025-10-13T14:03:58","modified_gmt":"2025-10-13T14:03:58","slug":"clos-cien-el-proceso","status":"publish","type":"page","link":"https:\/\/closcien.com\/es\/clos-cien-the-process\/","title":{"rendered":"CLOS CIEN El proceso"},"content":{"rendered":"<div class=\"wp-block-cover alignfull has-parallax\" style=\"margin-top:0;margin-bottom:0;padding-top:var(--wp--preset--spacing--80);padding-bottom:var(--wp--preset--spacing--80)\"><div class=\"wp-block-cover__image-background wp-image-1095 size-large has-parallax\" style=\"background-position:50% 50%;background-image:url(https:\/\/closcien.com\/wp-content\/uploads\/2025\/07\/4-people-wine-bodeg-in-background-1-717x1024.png)\"><\/div><span aria-hidden=\"true\" class=\"wp-block-cover__background has-custom-c-100-blue-background-color has-background-dim-70 has-background-dim\"><\/span><div class=\"wp-block-cover__inner-container has-global-padding is-layout-constrained wp-block-cover-is-layout-constrained\">\n<div class=\"wp-block-group has-global-padding is-layout-constrained wp-container-core-group-is-layout-64f842fa wp-block-group-is-layout-constrained\" style=\"padding-top:0;padding-bottom:0\">\n<h1 class=\"wp-block-heading has-custom-c-100-bg-color has-text-color has-link-color has-calluna-font-family has-xx-large-font-size wp-elements-12213966c2ee3d686e7476b62fefb35b\" style=\"padding-top:0;padding-bottom:0\">De la conversaci\u00f3n al vino<\/h1>\n\n\n\n<div class=\"wp-block-group has-global-padding is-layout-constrained wp-block-group-is-layout-constrained\">\n<p>Hacer vino no es precipitarse. Tampoco lo es elegir elaborarlo con nosotros. As\u00ed es como pasamos de la primera conversaci\u00f3n a la botella con tu nombre.<\/p>\n\n\n\n<p>Tu nivel de participaci\u00f3n depende de ti en cada etapa. Algunos miembros prefieren una participaci\u00f3n directa. Otros quieren actualizaciones trimestrales. Ambos enfoques crean un vino excepcional.<\/p>\n<\/div>\n<\/div>\n<\/div><\/div>\n\n\n\n<div class=\"wp-block-columns alignwide is-layout-flex wp-container-core-columns-is-layout-701c2d95 wp-block-columns-is-layout-flex\" style=\"padding-top:var(--wp--preset--spacing--80);padding-bottom:var(--wp--preset--spacing--80)\">\n<div class=\"wp-block-column is-layout-flow wp-block-column-is-layout-flow\" style=\"flex-basis:33.33%\">\n<h1 class=\"wp-block-heading has-calluna-font-family has-xx-large-font-size\" style=\"padding-top:0;padding-bottom:var(--wp--preset--spacing--50)\">Su viaje enol\u00f3gico<\/h1>\n<\/div>\n\n\n\n<div class=\"wp-block-column is-layout-flow wp-block-column-is-layout-flow\" style=\"flex-basis:66.66%\">\n<div class=\"wp-block-atlb-timeline-block desk_center_layout tab_center_layout mob_left_layout atlb__ed564d65\">\n<div class=\"wp-block-atlb-single-timeline-item\"><div class=\"timeline__content box__shadow\">\n<p class=\"has-x-large-font-size\"><strong>Nosotros hablamos. T\u00fa pruebas.<\/strong><\/p>\n\n\n\n<p class=\"has-medium-font-size\">Consulta profesional con cata de vinos para descubrir sus preferencias. <\/p>\n\n\n\n<p class=\"has-medium-font-size\">Aprendemos lo que realmente le gusta beber. Usted aprende nuestro enfoque. <\/p>\n\n\n\n<p class=\"has-medium-font-size\">Hablamos del nivel de implicaci\u00f3n, los objetivos y los plazos realistas.<\/p>\n<\/div><div class=\"timeline__marker\"><i class=\"fas fa-arrow-down\"><\/i><\/div><div class=\"timeline__date\"><div class=\"time__date_content\"><h6 class=\"event__date\">Mes 1-2<\/h6><\/div><\/div><\/div>\n\n\n\n<div class=\"wp-block-atlb-single-timeline-item\"><div class=\"timeline__content box__shadow\">\n<p class=\"has-x-large-font-size\"><strong>Usted elige su parcela<\/strong><\/p>\n\n\n\n<p class=\"has-medium-font-size\">Le mostramos 3-5 opciones de vi\u00f1edos que se ajustan a su perfil de gustos. Visitas virtuales o en persona con explicaciones completas del terru\u00f1o. <\/p>\n\n\n\n<p class=\"has-medium-font-size\">Usted elige. Nos encargamos de los acuerdos, la documentaci\u00f3n, las coordenadas GPS y la cartograf\u00eda profesional.<\/p>\n<\/div><div class=\"timeline__marker\"><i class=\"fas fa-arrow-down\"><\/i><\/div><div class=\"timeline__date\"><div class=\"time__date_content\"><h6 class=\"event__date\">Mes 2-3<\/h6><\/div><\/div><\/div>\n\n\n\n<div class=\"wp-block-atlb-single-timeline-item\"><div class=\"timeline__content box__shadow\">\n<p class=\"has-x-large-font-size\"><strong>Comienza el aprendizaje<\/strong><\/p>\n\n\n\n<p class=\"has-medium-font-size\">Inicio del programa educativo. Informes mensuales de progreso.<\/p>\n\n\n\n<p class=\"has-medium-font-size\">Vino tinto o blanco, seg\u00fan sus preferencias. <\/p>\n\n\n\n<p class=\"has-medium-font-size\">Su nivel de implicaci\u00f3n: Remoto | Moderado | Pr\u00e1ctico.<\/p>\n<\/div><div class=\"timeline__marker\"><i class=\"fas fa-arrow-down\"><\/i><\/div><div class=\"timeline__date\"><div class=\"time__date_content\"><h6 class=\"event__date\">A\u00f1o 1: Primavera<\/h6><\/div><\/div><\/div>\n\n\n\n<div class=\"wp-block-atlb-single-timeline-item\"><div class=\"timeline__content box__shadow\">\n<p class=\"has-x-large-font-size\"><strong>Primera experiencia de cosecha<\/strong><\/p>\n\n\n\n<p class=\"has-medium-font-size\">Participaci\u00f3n opcional con alojamiento de lujo. <\/p>\n\n\n\n<p class=\"has-medium-font-size\">Actividades tradicionales: recolecci\u00f3n, clasificaci\u00f3n, trituraci\u00f3n. <\/p>\n\n\n\n<p class=\"has-medium-font-size\">Decisiones clave de fermentaci\u00f3n con la orientaci\u00f3n de expertos.<\/p>\n<\/div><div class=\"timeline__marker\"><i class=\"fas fa-arrow-down\"><\/i><\/div><div class=\"timeline__date\"><div class=\"time__date_content\"><h6 class=\"event__date\">A\u00f1o 1: septiembre<\/h6><\/div><\/div><\/div>\n\n\n\n<div class=\"wp-block-atlb-single-timeline-item\"><div class=\"timeline__content box__shadow\">\n<p class=\"has-x-large-font-size\"><strong>Su vino evoluciona<\/strong><\/p>\n\n\n\n<p class=\"has-medium-font-size\">Actualizaciones mensuales sobre fermentaci\u00f3n y envejecimiento. <\/p>\n\n\n\n<p class=\"has-medium-font-size\">Sesiones combinadas (virtuales o presenciales). <\/p>\n\n\n\n<p class=\"has-medium-font-size\">Decisiones sobre la selecci\u00f3n de barricas y el calendario de envejecimiento. <\/p>\n\n\n\n<p class=\"has-medium-font-size\">Dise\u00f1o personalizado de etiquetas y opciones de envasado.<\/p>\n<\/div><div class=\"timeline__marker\"><i class=\"fas fa-arrow-down\"><\/i><\/div><div class=\"timeline__date\"><div class=\"time__date_content\"><h6 class=\"event__date\">A\u00f1os 1-2<\/h6><\/div><\/div><\/div>\n\n\n\n<div class=\"wp-block-atlb-single-timeline-item\"><div class=\"timeline__content box__shadow\">\n<p class=\"has-x-large-font-size\"><strong>Su vino est\u00e1 listo<\/strong><\/p>\n\n\n\n<p class=\"has-medium-font-size\">Cata final y aprobaci\u00f3n de sus vinos. <\/p>\n\n\n\n<p class=\"has-medium-font-size\">Embotellado profesional con etiquetas personalizadas. <\/p>\n\n\n\n<p class=\"has-medium-font-size\">Certificaci\u00f3n y documentaci\u00f3n de calidad. <\/p>\n\n\n\n<p class=\"has-medium-font-size\">Env\u00edo mundial o almacenamiento continuado en bodega.<\/p>\n<\/div><div class=\"timeline__marker\"><i class=\"fas fa-arrow-down\"><\/i><\/div><div class=\"timeline__date\"><div class=\"time__date_content\"><h6 class=\"event__date\">A\u00f1o 2-3<\/h6><\/div><\/div><\/div>\n\n\n\n<div class=\"wp-block-atlb-single-timeline-item\"><div class=\"timeline__content box__shadow\">\n<p class=\"has-x-large-font-size\"><strong>Contin\u00faa el ciclo anual<\/strong><\/p>\n\n\n\n<p class=\"has-medium-font-size\">Formaci\u00f3n continua y desarrollo de competencias. <\/p>\n\n\n\n<p class=\"has-medium-font-size\">Actos para socios, degustaciones, experiencias culturales. <\/p>\n\n\n\n<p class=\"has-medium-font-size\">Apreciaci\u00f3n de la colecci\u00f3n de vinos en regi\u00f3n probada. <\/p>\n\n\n\n<p class=\"has-medium-font-size\">Comunidad de personas que entienden por qu\u00e9 esto es importante.<\/p>\n<\/div><div class=\"timeline__marker\"><i class=\"fas fa-arrow-down\"><\/i><\/div><div class=\"timeline__date\"><div class=\"time__date_content\"><h6 class=\"event__date\">A\u00f1o 3+<\/h6><\/div><\/div><\/div>\n<div class=\"timeline__bar\"><\/div><\/div>\n<\/div>\n<\/div>\n\n\n\n<div class=\"wp-block-group alignfull has-custom-c-100-bg-color has-custom-c-100-blue-background-color has-text-color has-background has-link-color wp-elements-89139d208ff7dcfe871813e349ed8691 has-global-padding is-layout-constrained wp-container-core-group-is-layout-4e246b45 wp-block-group-is-layout-constrained\" style=\"margin-top:0;margin-bottom:0;padding-top:var(--wp--preset--spacing--80);padding-bottom:var(--wp--preset--spacing--80)\">\n<div class=\"wp-block-columns alignwide is-layout-flex wp-container-core-columns-is-layout-8b484f0f wp-block-columns-is-layout-flex\" style=\"padding-bottom:var(--wp--preset--spacing--80)\">\n<div class=\"wp-block-column is-layout-flow wp-block-column-is-layout-flow\" style=\"flex-basis:60%\">\n<p class=\"has-xx-large-font-size\">Puntos de decisi\u00f3n sobre la afiliaci\u00f3n<\/p>\n\n\n\n<p>El grado de control depende del tipo de afiliaci\u00f3n.<\/p>\n<\/div>\n\n\n\n<div class=\"wp-block-column is-layout-flow wp-block-column-is-layout-flow\" style=\"flex-basis:40%\"><\/div>\n<\/div>\n\n\n\n<div class=\"wp-block-group alignwide has-custom-c-100-bg-background-color has-background has-global-padding is-layout-constrained wp-container-core-group-is-layout-220aa2ff wp-block-group-is-layout-constrained\" style=\"border-radius:10px;padding-top:var(--wp--preset--spacing--50);padding-right:var(--wp--preset--spacing--30);padding-bottom:var(--wp--preset--spacing--50);padding-left:var(--wp--preset--spacing--30)\">\n<figure class=\"wp-block-image alignwide size-large\"><img loading=\"lazy\" decoding=\"async\" width=\"2454\" height=\"823\" src=\"https:\/\/closcien.com\/wp-content\/uploads\/2025\/07\/Member-choices.svg\" alt=\"\" class=\"wp-image-1252\"\/><\/figure>\n<\/div>\n\n\n\n<div class=\"wp-block-columns alignwide is-layout-flex wp-container-core-columns-is-layout-ad450fe2 wp-block-columns-is-layout-flex\" style=\"margin-top:0;margin-bottom:0;padding-top:var(--wp--preset--spacing--50)\">\n<div class=\"wp-block-column is-style-section-1 has-border-color has-accent-6-border-color has-custom-c-100-bg-background-color has-background has-global-padding is-content-justification-center is-layout-constrained wp-container-core-column-is-layout-860428b2 wp-block-column-is-layout-constrained is-style-section-1--1\" style=\"border-width:1px;border-radius:10px;padding-top:var(--wp--preset--spacing--40);padding-right:var(--wp--preset--spacing--40);padding-bottom:var(--wp--preset--spacing--40);padding-left:var(--wp--preset--spacing--40)\">\n<figure class=\"wp-block-image aligncenter size-large is-resized\"><img loading=\"lazy\" decoding=\"async\" width=\"100\" height=\"100\" src=\"https:\/\/closcien.com\/wp-content\/uploads\/2025\/07\/ORIGIN.svg\" alt=\"\" class=\"wp-image-709\" style=\"width:auto;height:48px\"\/><\/figure>\n\n\n\n<h3 class=\"wp-block-heading has-text-align-center has-large-font-size\" style=\"margin-bottom:var(--wp--preset--spacing--20)\">ORIGEN<\/h3>\n\n\n\n<p class=\"has-text-align-center has-small-font-size\">Aprender y crear<\/p>\n\n\n\n<p class=\"has-text-align-center has-text-color has-link-color wp-elements-3973c5dd020022d25c38c42d8828f28b\" style=\"color:#475b41\"><strong>Experiencia guiada<\/strong><\/p>\n\n\n\n<p class=\"has-text-align-center has-custom-c-100-default-text-color has-text-color has-link-color has-medium-font-size wp-elements-7c381214ff9e2202fbeb20ec393d4399\">Recomendaciones de expertos con su aportaci\u00f3n en las decisiones clave.<\/p>\n<\/div>\n\n\n\n<div class=\"wp-block-column is-style-section-1 has-border-color has-accent-6-border-color has-custom-c-100-bg-background-color has-background has-global-padding is-content-justification-center is-layout-constrained wp-container-core-column-is-layout-860428b2 wp-block-column-is-layout-constrained is-style-section-1--2\" style=\"border-width:1px;border-radius:10px;padding-top:var(--wp--preset--spacing--40);padding-right:var(--wp--preset--spacing--40);padding-bottom:var(--wp--preset--spacing--40);padding-left:var(--wp--preset--spacing--40)\">\n<figure class=\"wp-block-image aligncenter size-large is-resized\"><img loading=\"lazy\" decoding=\"async\" width=\"122\" height=\"100\" src=\"https:\/\/closcien.com\/wp-content\/uploads\/2025\/04\/Estate-badge.svg\" alt=\"\" class=\"wp-image-180\" style=\"width:auto;height:48px\"\/><\/figure>\n\n\n\n<h3 class=\"wp-block-heading has-text-align-center has-large-font-size\" style=\"margin-bottom:var(--wp--preset--spacing--20)\">FINCA<\/h3>\n\n\n\n<p class=\"has-text-align-center has-small-font-size\">Una experiencia compartida<\/p>\n\n\n\n<p class=\"has-text-align-center has-custom-c-100-btn-color has-text-color has-link-color wp-elements-a17d6c4991bc741441a2c041bdaf66c2\"><strong>Decisiones en colaboraci\u00f3n<\/strong><\/p>\n\n\n\n<p class=\"has-text-align-center has-custom-c-100-default-text-color has-text-color has-link-color has-medium-font-size wp-elements-b5ac3b46361af406cd71751d55fd173a\">Toma de decisiones en grupo con co-miembros y en\u00f3logos expertos.<\/p>\n<\/div>\n\n\n\n<div class=\"wp-block-column is-style-section-1 has-border-color has-accent-6-border-color has-custom-c-100-bg-background-color has-background has-global-padding is-content-justification-center is-layout-constrained wp-container-core-column-is-layout-860428b2 wp-block-column-is-layout-constrained is-style-section-1--3\" style=\"border-width:1px;border-radius:10px;padding-top:var(--wp--preset--spacing--40);padding-right:var(--wp--preset--spacing--40);padding-bottom:var(--wp--preset--spacing--40);padding-left:var(--wp--preset--spacing--40)\">\n<figure class=\"wp-block-image aligncenter size-large is-resized\"><img loading=\"lazy\" decoding=\"async\" width=\"122\" height=\"100\" src=\"https:\/\/closcien.com\/wp-content\/uploads\/2025\/04\/Single-badge.svg\" alt=\"\" class=\"wp-image-181\" style=\"width:auto;height:48px\"\/><\/figure>\n\n\n\n<h3 class=\"wp-block-heading has-text-align-center has-large-font-size\" style=\"margin-bottom:var(--wp--preset--spacing--20)\">SINGULAR<\/h3>\n\n\n\n<p class=\"has-text-align-center has-small-font-size\">Para vinateros serios<\/p>\n\n\n\n<p class=\"has-text-align-center has-custom-c-100-blue-color has-text-color has-link-color wp-elements-07cd3957819d744e361a3cc715eeab25\"><strong>Control total<\/strong><\/p>\n\n\n\n<p class=\"has-text-align-center has-custom-c-100-default-text-color has-text-color has-link-color has-medium-font-size wp-elements-1ba44f5b5353a753dc94e5f50816d3e7\">Plena autonom\u00eda creativa en todas las decisiones, desde los recipientes de fermentaci\u00f3n hasta la mezcla final.<\/p>\n<\/div>\n<\/div>\n<\/div>\n\n\n\n<div class=\"wp-block-group alignfull has-custom-c-100-default-text-color has-text-color has-link-color wp-elements-3176a89685c382dc373c939e351a2809 has-global-padding is-layout-constrained wp-container-core-group-is-layout-b5b2cc29 wp-block-group-is-layout-constrained\" style=\"margin-top:0;margin-bottom:0;padding-top:var(--wp--preset--spacing--80);padding-bottom:var(--wp--preset--spacing--80)\">\n<div class=\"wp-block-columns alignwide is-layout-flex wp-container-core-columns-is-layout-43d9f6c1 wp-block-columns-is-layout-flex\" style=\"padding-bottom:var(--wp--preset--spacing--50)\">\n<div class=\"wp-block-column is-layout-flow wp-block-column-is-layout-flow\" style=\"flex-basis:60%\">\n<p class=\"has-xx-large-font-size\">Compromisos de tiempo<\/p>\n\n\n\n<p>Lo que sigue es una gu\u00eda.<\/p>\n\n\n\n<p>Entendemos que la gente tiene agendas diferentes. Nos adaptamos a todos.<\/p>\n\n\n\n<p>Lo cubrimos todo. Cons\u00edgase las manos manchadas de vino de una experiencia vin\u00edcola completa. O rel\u00e1jese y disfrute de la experiencia: deje que nuestro experto equipo de en\u00f3logos elabore su cosecha.<\/p>\n<\/div>\n\n\n\n<div class=\"wp-block-column is-layout-flow wp-block-column-is-layout-flow\" style=\"flex-basis:40%\"><\/div>\n<\/div>\n\n\n\n<div class=\"wp-block-columns alignwide is-layout-flex wp-container-core-columns-is-layout-690c91d9 wp-block-columns-is-layout-flex\" style=\"margin-top:0;margin-bottom:0\">\n<div class=\"wp-block-column is-style-section-1 has-border-color has-accent-6-border-color has-custom-c-100-bg-background-color has-background has-global-padding is-content-justification-center is-layout-constrained wp-container-core-column-is-layout-860428b2 wp-block-column-is-layout-constrained is-style-section-1--4\" style=\"border-width:1px;border-radius:10px;padding-top:var(--wp--preset--spacing--40);padding-right:var(--wp--preset--spacing--40);padding-bottom:var(--wp--preset--spacing--40);padding-left:var(--wp--preset--spacing--40)\">\n<h3 class=\"wp-block-heading has-text-align-center has-text-color has-link-color has-large-font-size wp-elements-37ce3f40739e33d4fd8da4813a69f571\" style=\"color:#475b41;margin-bottom:var(--wp--preset--spacing--20)\"><strong>Manos libres<\/strong><\/h3>\n\n\n\n<p class=\"has-text-align-center has-small-font-size\"><em>Perfecto para personas ocupadas<\/em><\/p>\n\n\n\n<p class=\"has-text-align-center has-text-color has-link-color has-medium-font-size wp-elements-96ea126090e88619bd51c3e19d8a1018\" style=\"color:#475b41\"><strong>3-4 d\u00edas al a\u00f1o<\/strong><\/p>\n\n\n\n<p class=\"has-text-align-center has-custom-c-100-default-text-color has-text-color has-link-color has-medium-font-size wp-elements-06438123b64f1f788a0242bd3fb5e168\">S\u00f3lo toma de decisiones a distancia. Actualizaciones trimestrales.<\/p>\n<\/div>\n\n\n\n<div class=\"wp-block-column is-style-section-1 has-border-color has-accent-6-border-color has-custom-c-100-bg-background-color has-background has-global-padding is-content-justification-center is-layout-constrained wp-container-core-column-is-layout-860428b2 wp-block-column-is-layout-constrained is-style-section-1--5\" style=\"border-width:1px;border-radius:10px;padding-top:var(--wp--preset--spacing--40);padding-right:var(--wp--preset--spacing--40);padding-bottom:var(--wp--preset--spacing--40);padding-left:var(--wp--preset--spacing--40)\">\n<h3 class=\"wp-block-heading has-text-align-center has-custom-c-100-btn-color has-text-color has-link-color has-large-font-size wp-elements-97e8656ffe75d206081b7d549292dbd6\" style=\"margin-bottom:var(--wp--preset--spacing--20)\"><strong>Moderado<\/strong><\/h3>\n\n\n\n<p class=\"has-text-align-center has-small-font-size\"><em>Ideal para la mayor\u00eda de los socios<\/em><\/p>\n\n\n\n<p class=\"has-text-align-center has-custom-c-100-btn-color has-text-color has-link-color has-medium-font-size wp-elements-e3520786f5abceeb975e8219a28d8fd3\"><strong>1-2 semanas al a\u00f1o<\/strong><\/p>\n\n\n\n<p class=\"has-text-align-center has-custom-c-100-default-text-color has-text-color has-link-color has-medium-font-size wp-elements-d6971493313d18b637c337f1737bcbb4\">Visitas a las cosechas y decisiones clave sobre la producci\u00f3n.<\/p>\n<\/div>\n\n\n\n<div class=\"wp-block-column is-style-section-1 has-border-color has-accent-6-border-color has-custom-c-100-bg-background-color has-background has-global-padding is-content-justification-center is-layout-constrained wp-container-core-column-is-layout-860428b2 wp-block-column-is-layout-constrained is-style-section-1--6\" style=\"border-width:1px;border-radius:10px;padding-top:var(--wp--preset--spacing--40);padding-right:var(--wp--preset--spacing--40);padding-bottom:var(--wp--preset--spacing--40);padding-left:var(--wp--preset--spacing--40)\">\n<h3 class=\"wp-block-heading has-text-align-center has-custom-c-100-blue-color has-text-color has-link-color has-large-font-size wp-elements-3e056c1fb30ff95e9ac1fb001f5de306\" style=\"margin-bottom:var(--wp--preset--spacing--20)\"><strong>Participativo<\/strong><\/h3>\n\n\n\n<p class=\"has-text-align-center has-small-font-size\"><em>La experiencia completa<\/em><\/p>\n\n\n\n<p class=\"has-text-align-center has-custom-c-100-blue-color has-text-color has-link-color has-medium-font-size wp-elements-eff1bc4aad4c982cd248d3b4c8f2838a\"><strong>4-6 semanas al a\u00f1o<\/strong><\/p>\n\n\n\n<p class=\"has-text-align-center has-custom-c-100-default-text-color has-text-color has-link-color has-medium-font-size wp-elements-fa1c0c85205da6bd94574f2465225218\">Experiencia completa en el vi\u00f1edo e implicaci\u00f3n en el ciclo.<\/p>\n<\/div>\n<\/div>\n<\/div>\n\n\n\n<hr class=\"wp-block-separator alignwide has-alpha-channel-opacity is-style-wide is-style-wide--7\"\/>\n\n\n\n<div class=\"wp-block-group alignwide is-layout-flow wp-container-core-group-is-layout-f4e6fbf3 wp-block-group-is-layout-flow\" style=\"padding-top:var(--wp--preset--spacing--80);padding-bottom:var(--wp--preset--spacing--80)\">\n<h2 class=\"wp-block-heading has-text-align-center is-style-default has-calluna-font-family has-xx-large-font-size\">\u00bfEst\u00e1 listo para informarse?<\/h2>\n\n\n\n<div class=\"wp-block-group has-global-padding is-layout-constrained wp-container-core-group-is-layout-e773b618 wp-block-group-is-layout-constrained\">\n<!-- Calendly link widget begin -->\n<link href=\"https:\/\/assets.calendly.com\/assets\/external\/widget.css\" rel=\"stylesheet\">\n<script src=\"https:\/\/assets.calendly.com\/assets\/external\/widget.js\" type=\"text\/javascript\" async><\/script>\n\n<div class=\"calendly-button-wrapper\" \n     onclick=\"launchCalendly();\"\n     style=\"cursor: pointer;             background-color: #ad4d5c;             border-radius: 40px;             padding: 15px 25px;             text-align: center;            display: block;\">\n  <span style=\"color: #f9f9f5;                text-decoration: none;                font-family: 'calluna-sans';                font-weight: 500;\">Programe su consulta privada<\/span>\n<\/div>\n\n<script>\n  function launchCalendly() {\n    \/\/ Get URL parameters\n    const params = new URLSearchParams(window.location.search);\n    const email = params.get('email');\n    const firstName = params.get('first_name');\n    const lastName = params.get('last_name');\n    const utmSource = params.get('utm_source');\n    const utmCampaign = params.get('utm_campaign');\n    const utmMedium = params.get('utm_medium');\n    \n    \/\/ Initialize options\n    const options = {\n      url: 'https:\/\/calendly.com\/brian-closcien\/c-100-membership-enquiry?background_color=f9f9f5&text_color=5b5a57&primary_color=ad4d5c'\n    };\n    \n    \/\/ Add prefill data if parameters exist\n    if (email || firstName || lastName) {\n      options.prefill = {};\n      if (email) options.prefill.email = email;\n      if (firstName) options.prefill.firstName = firstName;\n      if (lastName) options.prefill.lastName = lastName;\n    }\n    \n    \/\/ Add UTM data if parameters exist\n    if (utmSource || utmCampaign || utmMedium) {\n      options.utm = {};\n      if (utmSource) options.utm.utmSource = utmSource;\n      if (utmCampaign) options.utm.utmCampaign = utmCampaign;\n      if (utmMedium) options.utm.utmMedium = utmMedium;\n    }\n    \n    Calendly.initPopupWidget(options);\n    return false;\n  }\n<\/script>\n<!-- Calendly link widget end -->\n<\/div>\n<\/div>","protected":false},"excerpt":{"rendered":"<p>Your Wine Journey Membership Decision Points The amount of control you have depends on your membership type. ORIGIN Learning &amp; Creating Guided Experience Expert recommendations with your input on key decisions. ESTATE A Shared Experience Collaborative Decisions Group decision-making with co-members and expert winemakers. SINGULAR For Serious Vinters Complete Control Full creative autonomy over every [&hellip;]<\/p>\n","protected":false},"author":1,"featured_media":0,"parent":0,"menu_order":0,"comment_status":"closed","ping_status":"closed","template":"wp-custom-template-pages-with-navigation","meta":{"footnotes":""},"class_list":["post-1147","page","type-page","status-publish","hentry"],"_links":{"self":[{"href":"https:\/\/closcien.com\/es\/wp-json\/wp\/v2\/pages\/1147","targetHints":{"allow":["GET"]}}],"collection":[{"href":"https:\/\/closcien.com\/es\/wp-json\/wp\/v2\/pages"}],"about":[{"href":"https:\/\/closcien.com\/es\/wp-json\/wp\/v2\/types\/page"}],"author":[{"embeddable":true,"href":"https:\/\/closcien.com\/es\/wp-json\/wp\/v2\/users\/1"}],"replies":[{"embeddable":true,"href":"https:\/\/closcien.com\/es\/wp-json\/wp\/v2\/comments?post=1147"}],"version-history":[{"count":44,"href":"https:\/\/closcien.com\/es\/wp-json\/wp\/v2\/pages\/1147\/revisions"}],"predecessor-version":[{"id":1342,"href":"https:\/\/closcien.com\/es\/wp-json\/wp\/v2\/pages\/1147\/revisions\/1342"}],"wp:attachment":[{"href":"https:\/\/closcien.com\/es\/wp-json\/wp\/v2\/media?parent=1147"}],"curies":[{"name":"wp","href":"https:\/\/api.w.org\/{rel}","templated":true}]}}