{"id":1017,"date":"2025-07-23T12:15:46","date_gmt":"2025-07-23T12:15:46","guid":{"rendered":"https:\/\/closcien.com\/?page_id=1017"},"modified":"2025-10-13T14:06:20","modified_gmt":"2025-10-13T14:06:20","slug":"clos-cien-faqs","status":"publish","type":"page","link":"https:\/\/closcien.com\/es\/clos-cien-faqs\/","title":{"rendered":"CLOS CIEN Preguntas frecuentes"},"content":{"rendered":"<div class=\"wp-block-cover alignfull has-parallax wp-duotone-unset-1\" style=\"margin-top:0;padding-top:15vw;padding-right:4vw;padding-bottom:15vw;padding-left:4vw\"><div class=\"wp-block-cover__image-background wp-image-536 size-large has-parallax\" style=\"background-position:50% 50%;background-image:url(https:\/\/closcien.com\/wp-content\/uploads\/2025\/05\/IMG_6497-1024x683.jpg)\"><\/div><span aria-hidden=\"true\" class=\"wp-block-cover__background has-custom-c-100-blue-background-color has-background-dim\"><\/span><div class=\"wp-block-cover__inner-container has-global-padding is-layout-constrained wp-container-core-cover-is-layout-951d5229 wp-block-cover-is-layout-constrained\">\n<div class=\"wp-block-group alignwide is-layout-flow wp-container-core-group-is-layout-d7e64215 wp-block-group-is-layout-flow\">\n<p class=\"has-text-align-center\" style=\"font-size:clamp(2.2em, 2.2rem + ((1vw - 0.2em) * 2.824), 4em);font-style:normal;font-weight:400;letter-spacing:0px;line-height:0.9\">Preguntas frecuentes:<br>Tranquil\u00edcese<\/p>\n<\/div>\n<\/div><\/div>\n\n\n\n<div class=\"wp-block-group alignfull has-global-padding is-layout-constrained wp-block-group-is-layout-constrained\" style=\"margin-top:0;margin-bottom:0;padding-top:var(--wp--preset--spacing--80);padding-bottom:var(--wp--preset--spacing--50)\">\n<div class=\"wp-block-columns is-layout-flex wp-container-core-columns-is-layout-9c22b1e3 wp-block-columns-is-layout-flex\">\n<div class=\"wp-block-column is-vertically-aligned-top is-layout-flow wp-block-column-is-layout-flow\" style=\"flex-basis:100%\">\n<p class=\"has-xx-large-font-size\" style=\"padding-top:0;padding-bottom:var(--wp--preset--spacing--30)\">1. 1. Primeros pasos<\/p>\n<\/div>\n<\/div>\n\n\n\n<div class=\"wp-block-group is-vertical is-layout-flex wp-container-core-group-is-layout-fe9cc265 wp-block-group-is-layout-flex\">\n<p class=\"has-text-align-left has-x-large-font-size\"><strong><em>\u00bfC\u00f3mo elijo entre ORIGEN, ESTADO y SINGULAR?<\/em><\/strong><\/p>\n\n\n\n<p class=\"has-text-align-left\">ORIGIN es para quienes quieren entender el vino haci\u00e9ndolo.<\/p>\n\n\n\n<p class=\"has-text-align-left\">ESTATE trabaja para familias y empresas que piensan m\u00e1s all\u00e1 de s\u00ed mismas.<\/p>\n\n\n\n<p class=\"has-text-align-left\">SINGULAR es para los que est\u00e1n listos para construir algo comercial.<\/p>\n\n\n\n<p class=\"has-text-align-left\">Le ayudaremos a decidir qu\u00e9 le conviene.<\/p>\n\n\n\n<p class=\"has-custom-c-100-default-text-color has-text-color has-link-color wp-elements-82043a072abfbdfd6737e4d87571aae2\" style=\"padding-right:0;padding-bottom:var(--wp--preset--spacing--50)\">O pruebe nuestro <strong><a href=\"https:\/\/ali-gekwnovs.scoreapp.com\" target=\"_blank\" rel=\"noreferrer noopener\">Cuestionario de preparaci\u00f3n para el vi\u00f1edo<\/a><\/strong>.<\/p>\n\n\n\n<p class=\"has-x-large-font-size\"><strong><em>\u00bfPor qu\u00e9 La Rioja? \u00bfPor qu\u00e9 ahora?<\/em><\/strong><\/p>\n\n\n\n<p class=\"has-custom-c-100-default-text-color has-text-color has-link-color wp-elements-cd61652d07e3403f07b6d925a260e6fe\" style=\"padding-right:0;padding-bottom:var(--wp--preset--spacing--50)\">Dos vinos con puntuaciones Parker perfectas. Los vinos espa\u00f1oles suben 100% desde 2014. Una regi\u00f3n que se ha ganado el respeto de los cr\u00edticos m\u00e1s importantes. Estamos exactamente donde la calidad y el reconocimiento se unen.<\/p>\n\n\n\n<p class=\"has-text-align-left has-x-large-font-size\"><strong><em>\u00bfNecesito saber de vinos?<\/em><\/strong><\/p>\n\n\n\n<p class=\"has-text-align-left\">No. Nuestro equipo gu\u00eda a las personas desde la curiosidad hasta la confianza. La educaci\u00f3n est\u00e1 integrada en cada afiliaci\u00f3n.<\/p>\n<\/div>\n<\/div>\n\n\n\n<div class=\"wp-block-group alignfull has-global-padding is-layout-constrained wp-block-group-is-layout-constrained\" style=\"margin-top:0;margin-bottom:0;padding-top:var(--wp--preset--spacing--50);padding-bottom:var(--wp--preset--spacing--50)\">\n<div class=\"wp-block-columns is-layout-flex wp-container-core-columns-is-layout-9c22b1e3 wp-block-columns-is-layout-flex\">\n<div class=\"wp-block-column is-vertically-aligned-top is-layout-flow wp-block-column-is-layout-flow\" style=\"flex-basis:100%\">\n<p class=\"has-xx-large-font-size\" style=\"padding-top:0;padding-bottom:var(--wp--preset--spacing--30)\">2. Su vi\u00f1edo<\/p>\n<\/div>\n<\/div>\n\n\n\n<div class=\"wp-block-group is-vertical is-content-justification-left is-layout-flex wp-container-core-group-is-layout-dd225191 wp-block-group-is-layout-flex\">\n<p class=\"has-text-align-left has-x-large-font-size\"><strong><em>\u00bfC\u00f3mo eligen mi parcela?<\/em><\/strong><\/p>\n\n\n\n<p class=\"has-text-align-left has-custom-c-100-default-text-color has-text-color has-link-color wp-elements-bc63fe9804bf6bc9edb11b1972572c30\" style=\"padding-right:0;padding-bottom:var(--wp--preset--spacing--50)\">Catamos vinos con usted. Conocemos sus preferencias. Le asignamos parcelas que producir\u00e1n vinos que realmente querr\u00e1 beber. Ver\u00e1 de 3 a 5 opciones con explicaciones completas.<\/p>\n\n\n\n<p class=\"has-x-large-font-size\"><strong><em>\u00bfSoy propietario del terreno?<\/em><\/strong><\/p>\n\n\n\n<p class=\"has-custom-c-100-default-text-color has-text-color has-link-color wp-elements-12d836ec277bed180bd5b17e70170b2d\" style=\"padding-right:0;padding-bottom:var(--wp--preset--spacing--50)\">Usted es propietario de un abono que le otorga derechos exclusivos sobre la producci\u00f3n de su parcela. Sin complicaciones con la ley de propiedad espa\u00f1ola. Todos los beneficios de la propiedad sin la complejidad.<\/p>\n\n\n\n<p class=\"has-text-align-left has-x-large-font-size\"><strong><em>\u00bfQu\u00e9 significa \u201csin estr\u00e9s\u201d?<\/em><\/strong><\/p>\n\n\n\n<p class=\"has-text-align-left\">Nos encargamos de la gesti\u00f3n de la tierra, el equipamiento, la normativa, la log\u00edstica de la vendimia y las operaciones de vinificaci\u00f3n. Usted toma las decisiones creativas. Nosotros nos encargamos de todo lo dem\u00e1s.<\/p>\n<\/div>\n<\/div>\n\n\n\n<div class=\"wp-block-group alignfull has-global-padding is-layout-constrained wp-block-group-is-layout-constrained\" style=\"margin-top:0;margin-bottom:0;padding-top:var(--wp--preset--spacing--50);padding-bottom:var(--wp--preset--spacing--50)\">\n<div class=\"wp-block-columns is-layout-flex wp-container-core-columns-is-layout-9c22b1e3 wp-block-columns-is-layout-flex\">\n<div class=\"wp-block-column is-vertically-aligned-top is-layout-flow wp-block-column-is-layout-flow\" style=\"flex-basis:100%\">\n<p class=\"has-xx-large-font-size\" style=\"padding-top:0;padding-bottom:var(--wp--preset--spacing--30)\">3. Calendario y control<\/p>\n<\/div>\n<\/div>\n\n\n\n<div class=\"wp-block-group is-vertical is-content-justification-left is-layout-flex wp-container-core-group-is-layout-dd225191 wp-block-group-is-layout-flex\">\n<p class=\"has-text-align-left has-x-large-font-size\"><strong><em>\u00bfCu\u00e1ndo tendr\u00e9 vino?<\/em><\/strong><\/p>\n\n\n\n<p class=\"has-text-align-left has-custom-c-100-default-text-color has-text-color has-link-color wp-elements-0972c68b30f4b862cd3b7d430797d994\" style=\"padding-right:0;padding-bottom:var(--wp--preset--spacing--50)\">Blancos en el segundo a\u00f1o. Rojos en el tercer a\u00f1o. La calidad requiere tiempo.<\/p>\n\n\n\n<p class=\"has-x-large-font-size\"><strong><em>\u00bfRojo o blanco?<\/em><\/strong><\/p>\n\n\n\n<p class=\"has-custom-c-100-default-text-color has-text-color has-link-color wp-elements-10f319121ae10039b69ece677e1c3bd1\" style=\"padding-right:0;padding-bottom:var(--wp--preset--spacing--50)\">Su elecci\u00f3n depender\u00e1 de sus preferencias. La Rioja produce vinos excepcionales en ambos estilos.<\/p>\n\n\n\n<p class=\"has-text-align-left has-x-large-font-size\"><strong><em>\u00bfCu\u00e1nto control tengo?<\/em><\/strong><\/p>\n\n\n\n<p class=\"has-text-align-left\"><strong>Origen:<\/strong> Orientaci\u00f3n experta con sus aportaciones<br><strong>Estado:<\/strong> Decisiones en grupo con co-miembros<br><strong>Singular:<\/strong> Control creativo y comercial total<\/p>\n<\/div>\n<\/div>\n\n\n\n<div class=\"wp-block-group alignfull has-global-padding is-layout-constrained wp-block-group-is-layout-constrained\" style=\"margin-top:0;margin-bottom:0;padding-top:var(--wp--preset--spacing--50);padding-bottom:var(--wp--preset--spacing--50)\">\n<div class=\"wp-block-columns is-layout-flex wp-container-core-columns-is-layout-9c22b1e3 wp-block-columns-is-layout-flex\">\n<div class=\"wp-block-column is-vertically-aligned-top is-layout-flow wp-block-column-is-layout-flow\" style=\"flex-basis:100%\">\n<p class=\"has-xx-large-font-size\" style=\"padding-top:0;padding-bottom:var(--wp--preset--spacing--30)\">4. Lo pr\u00e1ctico<\/p>\n<\/div>\n<\/div>\n\n\n\n<div class=\"wp-block-group is-vertical is-content-justification-left is-layout-flex wp-container-core-group-is-layout-dd225191 wp-block-group-is-layout-flex\">\n<p class=\"has-text-align-left has-x-large-font-size\"><strong><em>\u00bfQu\u00e9 hago con 132, 528 o 5.280 botellas?<\/em><\/strong><\/p>\n\n\n\n<p class=\"has-text-align-left\"><strong>ORIGEN (132):<\/strong> Ideal para consumo personal o para compartir con amigos y familiares.<\/p>\n\n\n\n<p class=\"has-text-align-left\"><strong>ESTATE (528):<\/strong> 44 botellas mensuales. Perfecta para agasajar, regalar o construir una bodega.<\/p>\n\n\n\n<p class=\"has-text-align-left has-custom-c-100-default-text-color has-text-color has-link-color wp-elements-1d8bff1702e68424eab032f25ceec4b8\" style=\"padding-right:0;padding-bottom:var(--wp--preset--spacing--50)\"><strong>SINGULAR (5.280):<\/strong> Incluye apoyo a las ventas comerciales. La mayor\u00eda de los socios venden entre 3.000 y 4.000 al a\u00f1o y se quedan con el resto.<\/p>\n\n\n\n<p class=\"has-text-align-left has-x-large-font-size\"><strong><em>\u00bfPuedo vender mi vino?<\/em><\/strong><\/p>\n\n\n\n<p class=\"has-text-align-left\"><strong>ORIGEN:<\/strong> Consumo personal y regalos<br><strong>ESTADO:<\/strong> Regalos de empresa y entretenimiento<br><strong>SINGULAR:<\/strong> Apoyo comercial completo con potencial de ingresos<\/p>\n<\/div>\n<\/div>\n\n\n\n<div class=\"wp-block-group alignfull has-global-padding is-layout-constrained wp-block-group-is-layout-constrained\" style=\"margin-top:0;margin-bottom:0;padding-top:var(--wp--preset--spacing--50);padding-bottom:var(--wp--preset--spacing--50)\">\n<div class=\"wp-block-columns is-layout-flex wp-container-core-columns-is-layout-9c22b1e3 wp-block-columns-is-layout-flex\">\n<div class=\"wp-block-column is-vertically-aligned-top is-layout-flow wp-block-column-is-layout-flow\" style=\"flex-basis:100%\">\n<p class=\"has-xx-large-font-size\" style=\"padding-top:0;padding-bottom:var(--wp--preset--spacing--30)\">5. Negocios y comercio<\/p>\n<\/div>\n<\/div>\n\n\n\n<div class=\"wp-block-group is-vertical is-content-justification-left is-layout-flex wp-container-core-group-is-layout-dd225191 wp-block-group-is-layout-flex\">\n<p class=\"has-text-align-left has-x-large-font-size\"><strong><em>\u00bfC\u00f3mo funciona el apoyo comercial?<\/em><\/strong><\/p>\n\n\n\n<p class=\"has-text-align-left has-custom-c-100-default-text-color has-text-color has-link-color wp-elements-ae717783e9e2be2c4762750b7bb18511\" style=\"padding-right:0;padding-bottom:var(--wp--preset--spacing--50)\">Estrategia completa. Acceso a la distribuci\u00f3n. Consultor\u00eda de marca. Apoyo en marketing. Asistencia en ferias del vino. Potencial de ingresos de 90.000-120.000 euros anuales.<\/p>\n\n\n\n<p class=\"has-x-large-font-size\"><strong><em>\u00bfEntretenimiento corporativo?<\/em><\/strong><\/p>\n\n\n\n<p><strong>ESTATAL y SINGULAR:<\/strong> Experiencias VIP para clientes, botellas personalizadas, organizaci\u00f3n de eventos en instalaciones de categor\u00eda mundial.<\/p>\n<\/div>\n<\/div>\n\n\n\n<div class=\"wp-block-group alignfull has-global-padding is-layout-constrained wp-block-group-is-layout-constrained\" style=\"margin-top:0;margin-bottom:0;padding-top:var(--wp--preset--spacing--50);padding-bottom:var(--wp--preset--spacing--50)\">\n<div class=\"wp-block-columns is-layout-flex wp-container-core-columns-is-layout-9c22b1e3 wp-block-columns-is-layout-flex\">\n<div class=\"wp-block-column is-vertically-aligned-top is-layout-flow wp-block-column-is-layout-flow\" style=\"flex-basis:100%\">\n<p class=\"has-xx-large-font-size\" style=\"padding-top:0;padding-bottom:var(--wp--preset--spacing--30)\">6. Inversi\u00f3n<\/p>\n<\/div>\n<\/div>\n\n\n\n<div class=\"wp-block-group is-vertical is-content-justification-left is-layout-flex wp-container-core-group-is-layout-dd225191 wp-block-group-is-layout-flex\">\n<p class=\"has-text-align-left has-x-large-font-size\"><strong><em>\u00bfDetalles de la inversi\u00f3n?<\/em><\/strong><\/p>\n\n\n\n<p class=\"has-text-align-left has-custom-c-100-default-text-color has-text-color has-link-color wp-elements-afc2c1d77dd46877d76f72cefed5e5be\" style=\"padding-right:0;padding-bottom:var(--wp--preset--spacing--50)\">An\u00e1lisis completo durante la consulta. Costes, plazos y rentabilidad potencial en funci\u00f3n de su situaci\u00f3n.<\/p>\n\n\n\n<p class=\"has-text-align-left has-x-large-font-size\"><strong><em>\u00bfEs una buena inversi\u00f3n?<\/em><\/strong><\/p>\n\n\n\n<p class=\"has-text-align-left\">Los vinos espa\u00f1oles suben 100% desde 2014. Pero considere esto principalmente una inversi\u00f3n de estilo de vida con beneficios financieros potenciales.<\/p>\n<\/div>\n<\/div>\n\n\n\n<hr class=\"wp-block-separator has-text-color has-accent-5-color has-alpha-channel-opacity has-accent-5-background-color has-background is-style-wide is-style-wide--2\"\/>\n\n\n\n<div class=\"wp-block-columns alignwide are-vertically-aligned-top is-layout-flex wp-container-core-columns-is-layout-e569b19d wp-block-columns-is-layout-flex\" style=\"padding-top:var(--wp--preset--spacing--80);padding-right:0;padding-bottom:var(--wp--preset--spacing--80);padding-left:0\">\n<div class=\"wp-block-column is-vertically-aligned-top is-layout-flow wp-block-column-is-layout-flow\" style=\"flex-basis:40%\">\n<h2 class=\"wp-block-heading is-style-default has-calluna-font-family has-xx-large-font-size\">Obtenga su gu\u00eda completa de preguntas frecuentes<\/h2>\n\n\n\n<p>Documento completo y detallado que cubre todas sus preguntas.<\/p>\n\n\n\n<p class=\"has-medium-font-size\"><em>Inicie su andadura en la viticultura sin las complejidades de la propiedad tradicional de un vi\u00f1edo. <\/em><\/p>\n<\/div>\n\n\n\n<div class=\"wp-block-column is-layout-flow wp-container-core-column-is-layout-8a368f38 wp-block-column-is-layout-flow\" style=\"flex-basis:60%\"><div class=\"forminator-ui forminator-custom-form forminator-custom-form-1016 forminator-design--default forminator-enclosed forminator_ajax\" data-forminator-render=\"0\" data-form=\"forminator-module-1016\" data-uid=\"69e4734945ba2\"><br\/><\/div><form\n\t\t\t\tid=\"forminator-module-1016\"\n\t\t\t\tclass=\"forminator-ui forminator-custom-form forminator-custom-form-1016 forminator-design--default forminator-enclosed forminator_ajax\"\n\t\t\t\tmethod=\"post\"\n\t\t\t\tdata-forminator-render=\"0\"\n\t\t\t\tdata-form-id=\"1016\"\n\t\t\t\t data-color-option=\"theme\" data-design=\"default\" data-grid=\"enclosed\" style=\"display: none;\"\n\t\t\t\tdata-uid=\"69e4734945ba2\" action=\"\"\n\t\t\t><div role=\"alert\" aria-live=\"polite\" class=\"forminator-response-message forminator-error\" aria-hidden=\"true\"><\/div><div class=\"forminator-row\"><div id=\"name-1\" class=\"forminator-field-name forminator-col forminator-col-12\"><div class=\"forminator-row forminator-no-margin\" data-multiple=\"true\"><div class=\"forminator-col forminator-col-md-6\"><div class=\"forminator-field\"><label for=\"forminator-field-first-name-1_69e4734945ba2\" id=\"forminator-field-first-name-1_69e4734945ba2-label\" class=\"forminator-label\">Nombre <span class=\"forminator-required\">*<\/span><\/label><input type=\"text\" name=\"name-1-first-name\" placeholder=\"\" id=\"forminator-field-first-name-1_69e4734945ba2\" class=\"forminator-input\" aria-required=\"true\" data-multi=\"1\" autocomplete=\"given-name\" value=\"\" \/><\/div><\/div><div class=\"forminator-col forminator-col-md-6\"><div class=\"forminator-field\"><label for=\"forminator-field-last-name-1_69e4734945ba2\" id=\"forminator-field-last-name-1_69e4734945ba2-label\" class=\"forminator-label\">Apellido <span class=\"forminator-required\">*<\/span><\/label><input type=\"text\" name=\"name-1-last-name\" placeholder=\"\" id=\"forminator-field-last-name-1_69e4734945ba2\" class=\"forminator-input\" aria-required=\"true\" data-multi=\"1\" autocomplete=\"family-name\" value=\"\" \/><\/div><\/div><\/div><\/div><\/div><div class=\"forminator-row\"><div id=\"email-1\" class=\"forminator-field-email forminator-col forminator-col-12\"><div class=\"forminator-field\"><label for=\"forminator-field-email-1_69e4734945ba2\" id=\"forminator-field-email-1_69e4734945ba2-label\" class=\"forminator-label\">Correo electr\u00f3nico profesional <span class=\"forminator-required\">*<\/span><\/label><input type=\"email\" name=\"email-1\" value=\"\" placeholder=\"\" id=\"forminator-field-email-1_69e4734945ba2\" class=\"forminator-input forminator-email--field\" data-required=\"1\" aria-required=\"true\" autocomplete=\"email\" \/><\/div><\/div><\/div><div class=\"forminator-row\"><div id=\"consent-1\" class=\"forminator-field-consent forminator-col forminator-col-12\"><div class=\"forminator-field\"><label for=\"forminator-field-consent-1_69e4734945ba2\" id=\"forminator-field-consent-1_69e4734945ba2-label\" class=\"forminator-label\">Consentimiento <span class=\"forminator-required\">*<\/span><\/label><div class=\"forminator-checkbox__wrapper\"><label id=\"forminator-field-consent-1_69e4734945ba2__label\" class=\"forminator-checkbox forminator-consent\"><input type=\"checkbox\" name=\"consent-1\" id=\"forminator-field-consent-1_69e4734945ba2\" value=\"checked\" aria-labelledby=\"forminator-field-consent-1_69e4734945ba2-label\" aria-describedby=\"forminator-field-consent-1_69e4734945ba2__description\" data-required=\"true\" aria-required=\"true\" \/><span class=\"forminator-checkbox-box\" aria-hidden=\"true\"><\/span><\/label><div id=\"forminator-field-consent-1_69e4734945ba2__description\" class=\"forminator-checkbox__label forminator-consent__label\"><p>S\u00ed, tengo edad para consumir alcohol y acepto las&nbsp;<a rel=\"noopener\" target=\"_blank\" href=\"https:\/\/closcien.com\/es\/aviso-de-privacidad\/\" style=\"color: #5b5a57;text-decoration: underline\">Pol\u00edtica de privacidad.<\/a><\/p><\/div><\/div><\/div><\/div><\/div><div class=\"forminator-row forminator-hidden\"><div id=\"hidden-1\" class=\"forminator-field-hidden  forminator-col-12\"><input type=\"hidden\" id=\"hidden-1_69e4734945ba2\" name=\"hidden-1\" value=\"Lead Gen Form FAQs\" \/><\/div><\/div><div class=\"forminator-row\"><div id=\"captcha-1\" class=\"forminator-field-captcha forminator-col forminator-col-12\"><div class=\"forminator-captcha-left forminator-g-recaptcha recaptcha-invisible\" data-theme=\"light\" data-badge=\"inline\" data-sitekey=\"6LfeNporAAAAALdyB-pPc2jZ3WqXs3RbJDKUaCXN\" data-size=\"invisible\"><\/div> <\/div><\/div><input type=\"hidden\" name=\"referer_url\" value=\"\" \/><div class=\"forminator-row forminator-row-last\"><div class=\"forminator-col\"><div class=\"forminator-field\"><button class=\"forminator-button forminator-button-submit\">Gu\u00eda de preguntas frecuentes<\/button><\/div><\/div><\/div><input type=\"hidden\" id=\"forminator_nonce\" name=\"forminator_nonce\" value=\"7b91311a52\" \/><input type=\"hidden\" name=\"_wp_http_referer\" value=\"\/es\/wp-json\/wp\/v2\/pages\/1017\" \/><input type=\"hidden\" name=\"form_id\" value=\"1016\"><input type=\"hidden\" name=\"page_id\" value=\"1017\"><input type=\"hidden\" name=\"form_type\" value=\"default\"><input type=\"hidden\" name=\"current_url\" value=\"https:\/\/closcien.com\/es\/clos-cien-faqs\/\"><input type=\"hidden\" name=\"render_id\" value=\"0\"><input type=\"hidden\" name=\"action\" value=\"forminator_submit_form_custom-forms\"><input type=\"hidden\" name=\"trp-form-language\" value=\"es\"\/><\/form>\n\n\n\n<div class=\"wp-block-group is-vertical is-content-justification-right is-layout-flex wp-container-core-group-is-layout-c0d519fa wp-block-group-is-layout-flex\">\n<p class=\"has-text-align-right\"><strong>Guiado por un equipo de en\u00f3logos expertos &amp;<br><\/strong><em>Miguel \u00c1ngel Mill\u00e1n<\/em>, <em> <\/em>Mejor sumiller del mundo 2023<\/p>\n\n\n\n<figure class=\"wp-block-image aligncenter size-full is-resized is-style-rounded\"><img loading=\"lazy\" decoding=\"async\" width=\"413\" height=\"310\" src=\"https:\/\/closcien.com\/wp-content\/uploads\/2025\/04\/Miguel.png\" alt=\"\" class=\"wp-image-184\" style=\"aspect-ratio:1;object-fit:cover;width:auto;height:72px\" srcset=\"https:\/\/closcien.com\/wp-content\/uploads\/2025\/04\/Miguel.png 413w, https:\/\/closcien.com\/wp-content\/uploads\/2025\/04\/Miguel-300x225.png 300w\" sizes=\"auto, (max-width: 413px) 100vw, 413px\" \/><\/figure>\n<\/div>\n<\/div>\n<\/div>","protected":false},"excerpt":{"rendered":"<p>1. Getting Started How do I choose between ORIGIN, ESTATE, and SINGULAR? ORIGIN is for people who want to understand wine by making it. ESTATE works for families and businesses who think beyond themselves. SINGULAR is for those ready to build something commercial. We&#8217;ll help you decide what fits. Or, try our Vineyard Readiness Quiz. [&hellip;]<\/p>\n","protected":false},"author":1,"featured_media":0,"parent":0,"menu_order":0,"comment_status":"closed","ping_status":"closed","template":"wp-custom-template-pages-with-navigation","meta":{"footnotes":""},"class_list":["post-1017","page","type-page","status-publish","hentry"],"_links":{"self":[{"href":"https:\/\/closcien.com\/es\/wp-json\/wp\/v2\/pages\/1017","targetHints":{"allow":["GET"]}}],"collection":[{"href":"https:\/\/closcien.com\/es\/wp-json\/wp\/v2\/pages"}],"about":[{"href":"https:\/\/closcien.com\/es\/wp-json\/wp\/v2\/types\/page"}],"author":[{"embeddable":true,"href":"https:\/\/closcien.com\/es\/wp-json\/wp\/v2\/users\/1"}],"replies":[{"embeddable":true,"href":"https:\/\/closcien.com\/es\/wp-json\/wp\/v2\/comments?post=1017"}],"version-history":[{"count":27,"href":"https:\/\/closcien.com\/es\/wp-json\/wp\/v2\/pages\/1017\/revisions"}],"predecessor-version":[{"id":1344,"href":"https:\/\/closcien.com\/es\/wp-json\/wp\/v2\/pages\/1017\/revisions\/1344"}],"wp:attachment":[{"href":"https:\/\/closcien.com\/es\/wp-json\/wp\/v2\/media?parent=1017"}],"curies":[{"name":"wp","href":"https:\/\/api.w.org\/{rel}","templated":true}]}}