{"id":1003,"date":"2025-07-23T09:42:52","date_gmt":"2025-07-23T09:42:52","guid":{"rendered":"https:\/\/closcien.com\/?page_id=1003"},"modified":"2025-09-16T09:02:09","modified_gmt":"2025-09-16T09:02:09","slug":"manifiesto-clos-cien","status":"publish","type":"page","link":"https:\/\/closcien.com\/es\/clos-cien-manifesto\/","title":{"rendered":"Manifiesto CLOS CIEN"},"content":{"rendered":"<div class=\"wp-block-cover alignfull has-parallax wp-duotone-unset-2\" style=\"margin-top:0;padding-top:8vw;padding-right:4vw;padding-bottom:8vw;padding-left:4vw\"><div class=\"wp-block-cover__image-background wp-image-1005 size-large has-parallax\" style=\"background-position:50% 50%;background-image:url(https:\/\/closcien.com\/wp-content\/uploads\/2025\/07\/mario-la-pergola-JeP2DqmHaKE-unsplash-1024x683.jpg)\"><\/div><span aria-hidden=\"true\" class=\"wp-block-cover__background has-custom-c-100-blue-background-color has-background-dim\"><\/span><div class=\"wp-block-cover__inner-container has-global-padding is-layout-constrained wp-container-core-cover-is-layout-93c0d1de wp-block-cover-is-layout-constrained\">\n<div class=\"wp-block-group alignwide is-layout-flow wp-container-core-group-is-layout-d7e64215 wp-block-group-is-layout-flow\">\n<p class=\"has-text-align-center\" style=\"font-size:clamp(2.2em, 2.2rem + ((1vw - 0.2em) * 2.824), 4em);font-style:normal;font-weight:400;letter-spacing:0px;line-height:0.9\">La mayor\u00eda de los amantes del vino<br><em>nunca<\/em> llegar a crear<\/p>\n\n\n\n<p class=\"has-text-align-center is-style-default has-large-font-size\" style=\"line-height:1.5\">Recogen botellas. Visitan vi\u00f1edos.<br>Apreciar las diferencias entre regiones y a\u00f1adas.<br>Pero cuando se trata de hacer vino<\/p>\n\n\n\n<p class=\"has-text-align-center is-style-default has-large-font-size\" style=\"line-height:1.5\">- del tipo que lleva su nombre, refleja sus gustos, cuenta su historia...<\/p>\n\n\n\n<p class=\"has-text-align-center is-style-text-display is-style-text-display--1\">Chocan contra un muro.<\/p>\n<\/div>\n<\/div><\/div>\n\n\n\n<div class=\"wp-block-group alignfull has-global-padding is-layout-constrained wp-block-group-is-layout-constrained\" style=\"margin-top:0;margin-bottom:0;padding-top:var(--wp--preset--spacing--80);padding-bottom:var(--wp--preset--spacing--50)\">\n<div class=\"wp-block-columns is-layout-flex wp-container-core-columns-is-layout-9c22b1e3 wp-block-columns-is-layout-flex\">\n<div class=\"wp-block-column is-vertically-aligned-top is-layout-flow wp-block-column-is-layout-flow\" style=\"flex-basis:100%\">\n<p class=\"has-xx-large-font-size\" style=\"padding-top:0;padding-bottom:var(--wp--preset--spacing--30)\">1. Ese muro es la complejidad<\/p>\n<\/div>\n<\/div>\n\n\n\n<div class=\"wp-block-group is-vertical is-layout-flex wp-container-core-group-is-layout-fe9cc265 wp-block-group-is-layout-flex\">\n<p class=\"has-text-align-left\">La propiedad tradicional de un vi\u00f1edo implica la legislaci\u00f3n espa\u00f1ola sobre la propiedad, la normativa agr\u00edcola, las inversiones en equipamiento, la gesti\u00f3n de la vendimia y las operaciones de bodega. El tipo de compromiso a tiempo completo que convierte la pasi\u00f3n en una responsabilidad abrumadora.<\/p>\n\n\n\n<p class=\"has-text-align-left\">As\u00ed que la mayor\u00eda de los amantes del vino siguen siendo consumidores. Comprando los vinos de otros. Visitando los vi\u00f1edos de otros. So\u00f1ando con c\u00f3mo ser\u00eda elaborar algo genuinamente propio.<\/p>\n<\/div>\n<\/div>\n\n\n\n<div class=\"wp-block-group alignfull has-global-padding is-layout-constrained wp-block-group-is-layout-constrained\" style=\"margin-top:0;margin-bottom:0;padding-top:var(--wp--preset--spacing--50);padding-bottom:var(--wp--preset--spacing--50)\">\n<div class=\"wp-block-columns is-layout-flex wp-container-core-columns-is-layout-9c22b1e3 wp-block-columns-is-layout-flex\">\n<div class=\"wp-block-column is-vertically-aligned-top is-layout-flow wp-block-column-is-layout-flow\" style=\"flex-basis:100%\">\n<p class=\"has-xx-large-font-size\" style=\"padding-top:0;padding-bottom:var(--wp--preset--spacing--30)\">2. Vimos el problema<\/p>\n<\/div>\n<\/div>\n\n\n\n<div class=\"wp-block-group is-vertical is-content-justification-left is-layout-flex wp-container-core-group-is-layout-dd225191 wp-block-group-is-layout-flex\">\n<p class=\"has-text-align-left\">Los aficionados al vino sue\u00f1an con ser propietarios de vi\u00f1edos, pero la complejidad se lo impide.<\/p>\n\n\n\n<p class=\"has-text-align-left\">Los empresarios quieren activos corporativos significativos pero carecen de experiencia en vinos.<\/p>\n\n\n\n<p class=\"has-text-align-left\">Los fondos de inversi\u00f3n prometen rendimientos, pero entregan hojas de c\u00e1lculo.<\/p>\n\n\n\n<p class=\"has-text-align-left\">Los clubes de vino ofrecen la visi\u00f3n de otras personas, el legado de otras personas.<\/p>\n\n\n\n<p class=\"has-text-align-left\">La gente quiere crear algo significativo para su familia y su negocio, pero no consigue pasar de la pasi\u00f3n a la producci\u00f3n.<\/p>\n<\/div>\n<\/div>\n\n\n\n<div class=\"wp-block-group alignfull has-global-padding is-layout-constrained wp-block-group-is-layout-constrained\" style=\"margin-top:0;margin-bottom:0;padding-top:var(--wp--preset--spacing--50);padding-bottom:var(--wp--preset--spacing--50)\">\n<div class=\"wp-block-columns is-layout-flex wp-container-core-columns-is-layout-9c22b1e3 wp-block-columns-is-layout-flex\">\n<div class=\"wp-block-column is-vertically-aligned-top is-layout-flow wp-block-column-is-layout-flow\" style=\"flex-basis:100%\">\n<p class=\"has-xx-large-font-size\" style=\"padding-top:0;padding-bottom:var(--wp--preset--spacing--30)\">3. Las soluciones existentes no funcionan<\/p>\n<\/div>\n<\/div>\n\n\n\n<div class=\"wp-block-group is-vertical is-content-justification-left is-layout-flex wp-container-core-group-is-layout-dd225191 wp-block-group-is-layout-flex\">\n<p class=\"has-text-align-left\">El tiempo compartido en vi\u00f1edos suena atractivo hasta que compartes decisiones con extra\u00f1os.<\/p>\n\n\n\n<p class=\"has-text-align-left\">Los clubes de vino son programas de compra con marketing de primera calidad.<\/p>\n\n\n\n<p class=\"has-text-align-left\">Los regalos corporativos de vino carecen de conexi\u00f3n personal y autenticidad.<\/p>\n\n\n\n<p class=\"has-text-align-left\">Ninguna aborda lo que la gente realmente quiere: crear algo personal, excepcional y duradero.<\/p>\n<\/div>\n<\/div>\n\n\n\n<div class=\"wp-block-group alignfull has-global-padding is-layout-constrained wp-block-group-is-layout-constrained\" style=\"margin-top:0;margin-bottom:0;padding-top:var(--wp--preset--spacing--50);padding-bottom:var(--wp--preset--spacing--50)\">\n<div class=\"wp-block-columns is-layout-flex wp-container-core-columns-is-layout-9c22b1e3 wp-block-columns-is-layout-flex\">\n<div class=\"wp-block-column is-vertically-aligned-top is-layout-flow wp-block-column-is-layout-flow\" style=\"flex-basis:100%\">\n<p class=\"has-xx-large-font-size\" style=\"padding-top:0;padding-bottom:var(--wp--preset--spacing--30)\">4. Nuestro enfoque es diferente<\/p>\n<\/div>\n<\/div>\n\n\n\n<div class=\"wp-block-group is-vertical is-content-justification-left is-layout-flex wp-container-core-group-is-layout-dd225191 wp-block-group-is-layout-flex\">\n<p class=\"has-text-align-left\">Nosotros nos encargamos de la complejidad. Usted crea el vino.<\/p>\n\n\n\n<p>Gestionamos los vi\u00f1edos, los equipos, las normativas y las operaciones. Usted toma las decisiones sobre el estilo, la mezcla, el envejecimiento... todo lo que determina lo que va a parar a su botella.<\/p>\n\n\n\n<p>Para las empresas, proporcionamos un apoyo comercial completo. Para las familias, creamos tradiciones duraderas. Para los aficionados, ofrecemos una educaci\u00f3n aut\u00e9ntica.<\/p>\n\n\n\n<p class=\"has-text-align-left\">Utilizando la tradici\u00f3n centenaria de La Rioja combinada con unas modernas instalaciones y el asesoramiento de expertos, hacemos posible lo que todo amante del vino sue\u00f1a: elaborar vinos que sean genuinamente suyos.<\/p>\n<\/div>\n<\/div>\n\n\n\n<div class=\"wp-block-group alignfull has-global-padding is-layout-constrained wp-block-group-is-layout-constrained\" style=\"margin-top:0;margin-bottom:0;padding-top:var(--wp--preset--spacing--50);padding-bottom:var(--wp--preset--spacing--50)\">\n<div class=\"wp-block-columns is-layout-flex wp-container-core-columns-is-layout-9c22b1e3 wp-block-columns-is-layout-flex\">\n<div class=\"wp-block-column is-vertically-aligned-top is-layout-flow wp-block-column-is-layout-flow\" style=\"flex-basis:100%\">\n<p class=\"has-xx-large-font-size\" style=\"padding-top:0;padding-bottom:var(--wp--preset--spacing--30)\">5. Por qu\u00e9 importa ahora<\/p>\n<\/div>\n<\/div>\n\n\n\n<div class=\"wp-block-group is-vertical is-content-justification-left is-layout-flex wp-container-core-group-is-layout-dd225191 wp-block-group-is-layout-flex\">\n<p class=\"has-text-align-left\">La Rioja ha alcanzado la cima del reconocimiento internacional. Dos vinos con puntuaciones Parker perfectas. Los vinos espa\u00f1oles superan a las inversiones tradicionales en 100% desde 2014.<\/p>\n\n\n\n<p class=\"has-text-align-left\">Esta antigua regi\u00f3n est\u00e1 viviendo su renacimiento moderno. Nos hemos situado justo donde confluyen calidad y reconocimiento.<\/p>\n<\/div>\n<\/div>\n\n\n\n<div class=\"wp-block-group alignfull has-global-padding is-layout-constrained wp-block-group-is-layout-constrained\" style=\"margin-top:0;margin-bottom:0;padding-top:var(--wp--preset--spacing--50);padding-bottom:var(--wp--preset--spacing--50)\">\n<div class=\"wp-block-columns is-layout-flex wp-container-core-columns-is-layout-9c22b1e3 wp-block-columns-is-layout-flex\">\n<div class=\"wp-block-column is-vertically-aligned-top is-layout-flow wp-block-column-is-layout-flow\" style=\"flex-basis:100%\">\n<p class=\"has-xx-large-font-size\" style=\"padding-top:0;padding-bottom:var(--wp--preset--spacing--30)\">6. Lo que prometemos<\/p>\n<\/div>\n<\/div>\n\n\n\n<div class=\"wp-block-group is-vertical is-content-justification-left is-layout-flex wp-container-core-group-is-layout-dd225191 wp-block-group-is-layout-flex\">\n<p class=\"has-text-align-left\"><strong>No hay complicaciones en la legislaci\u00f3n espa\u00f1ola sobre la propiedad.<\/strong><br>- Estructura de afiliaci\u00f3n sencilla.<\/p>\n\n\n\n<p class=\"has-text-align-left\"><strong>No se requieren conocimientos agr\u00edcolas.<\/strong><br>- Orientaci\u00f3n experta en todo momento.<\/p>\n\n\n\n<p class=\"has-text-align-left\"><strong>No hay inversiones en equipamiento.<\/strong><br>- Instalaciones de categor\u00eda mundial incluidas.<\/p>\n\n\n\n<p class=\"has-text-align-left\"><strong>Sin quebraderos de cabeza por la log\u00edstica de la cosecha<\/strong>.<br>- La gesti\u00f3n profesional se encarga de todo.<\/p>\n\n\n\n<p class=\"has-text-align-left\"><strong>Sin cargas de cumplimiento normativo.<\/strong><br>- Cumplimos todos los requisitos.<\/p>\n\n\n\n<p>Apoyo comercial completo a las empresas asociadas. <\/p>\n\n\n\n<p>Formaci\u00f3n completa para todos los niveles.<\/p>\n\n\n\n<p class=\"has-text-align-left\">S\u00f3lo pura creatividad vin\u00edcola guiada por expertos en una de las mejores regiones vin\u00edcolas del mundo.<\/p>\n<\/div>\n<\/div>\n\n\n\n<div class=\"wp-block-group alignfull has-global-padding is-layout-constrained wp-block-group-is-layout-constrained\" style=\"margin-top:0;margin-bottom:0;padding-top:var(--wp--preset--spacing--50);padding-bottom:var(--wp--preset--spacing--50)\">\n<div class=\"wp-block-columns is-layout-flex wp-container-core-columns-is-layout-9c22b1e3 wp-block-columns-is-layout-flex\">\n<div class=\"wp-block-column is-vertically-aligned-top is-layout-flow wp-block-column-is-layout-flow\" style=\"flex-basis:100%\">\n<p class=\"has-xx-large-font-size\" style=\"padding-top:0;padding-bottom:var(--wp--preset--spacing--30)\">7. Nuestro compromiso<\/p>\n<\/div>\n<\/div>\n\n\n\n<div class=\"wp-block-group is-vertical is-content-justification-left is-layout-flex wp-container-core-group-is-layout-dd225191 wp-block-group-is-layout-flex\">\n<p class=\"has-text-align-left\">Trabajamos con maestros bodegueros que han obtenido las puntuaciones m\u00e1s altas de Parker.<\/p>\n\n\n\n<p class=\"has-text-align-left\">Colaboramos con la Universidad de La Rioja para el aprendizaje continuo.<\/p>\n\n\n\n<p class=\"has-text-align-left\">Hemos seleccionado La Rioja porque produce vinos merecedores de puntuaciones perfectas con una revalorizaci\u00f3n de la inversi\u00f3n demostrada.<\/p>\n\n\n\n<p class=\"has-text-align-left\">Colaboramos con sumilleres, cr\u00edticos y socios de distribuci\u00f3n de todo el mundo porque un gran vino merece un gran alcance.<\/p>\n<\/div>\n<\/div>\n\n\n\n<div class=\"wp-block-group alignfull has-global-padding is-layout-constrained wp-block-group-is-layout-constrained\" style=\"margin-top:0;margin-bottom:0;padding-top:var(--wp--preset--spacing--50);padding-bottom:var(--wp--preset--spacing--50)\">\n<div class=\"wp-block-columns is-layout-flex wp-container-core-columns-is-layout-9c22b1e3 wp-block-columns-is-layout-flex\">\n<div class=\"wp-block-column is-vertically-aligned-top is-layout-flow wp-block-column-is-layout-flow\" style=\"flex-basis:100%\">\n<p class=\"has-xx-large-font-size\" style=\"padding-top:0;padding-bottom:var(--wp--preset--spacing--30)\">8. Oportunidad de ser miembro fundador<\/p>\n<\/div>\n<\/div>\n\n\n\n<div class=\"wp-block-group is-vertical is-content-justification-left is-layout-flex wp-container-core-group-is-layout-dd225191 wp-block-group-is-layout-flex\">\n<p class=\"has-text-align-left\">No se trata de nosotros. Se trata de que te conviertas en el en\u00f3logo que siempre has querido ser.<\/p>\n\n\n\n<p>Ya sea descubriendo el vino con la afiliaci\u00f3n Origin, creando tradiciones familiares con la afiliaci\u00f3n Estate o creando una marca comercial con la afiliaci\u00f3n Singular, \u00e9sta es su historia.<\/p>\n\n\n\n<p class=\"has-text-align-left\">Estamos aqu\u00ed para hacerlo posible. Elimine todas las barreras. Celebre su \u00e9xito.<\/p>\n<\/div>\n<\/div>\n\n\n\n<div class=\"wp-block-group alignfull has-global-padding is-layout-constrained wp-block-group-is-layout-constrained\" style=\"margin-top:0;margin-bottom:0;padding-top:var(--wp--preset--spacing--50);padding-bottom:var(--wp--preset--spacing--80)\">\n<div class=\"wp-block-columns is-layout-flex wp-container-core-columns-is-layout-9c22b1e3 wp-block-columns-is-layout-flex\">\n<div class=\"wp-block-column is-vertically-aligned-top is-layout-flow wp-block-column-is-layout-flow\" style=\"flex-basis:100%\">\n<p class=\"has-text-align-center has-xx-large-font-size\" style=\"padding-top:0;padding-bottom:var(--wp--preset--spacing--30)\">Su vino. Tu historia.<br>Su legado.<\/p>\n<\/div>\n<\/div>\n\n\n\n<div class=\"wp-block-group is-vertical is-content-justification-center is-layout-flex wp-container-core-group-is-layout-ce155fab wp-block-group-is-layout-flex\">\n<div class=\"wp-block-group has-global-padding is-layout-constrained wp-container-core-group-is-layout-19ba52b1 wp-block-group-is-layout-constrained\">\n<!-- Calendly link widget begin -->\n<link href=\"https:\/\/assets.calendly.com\/assets\/external\/widget.css\" rel=\"stylesheet\">\n<script src=\"https:\/\/assets.calendly.com\/assets\/external\/widget.js\" type=\"text\/javascript\" async><\/script>\n\n<div class=\"calendly-button-wrapper\" \n     onclick=\"launchCalendly();\"\n     style=\"cursor: pointer;             background-color: #ad4d5c;             border-radius: 40px;             padding: 15px 25px;             text-align: center;            display: block;\">\n  <span style=\"color: #f9f9f5;                text-decoration: none;                font-family: 'calluna-sans';                font-weight: 500;\">Dejar de so\u00f1ar y empezar a crear<\/span>\n<\/div>\n\n<script>\n  function launchCalendly() {\n    \/\/ Get URL parameters\n    const params = new URLSearchParams(window.location.search);\n    const email = params.get('email');\n    const firstName = params.get('first_name');\n    const lastName = params.get('last_name');\n    const utmSource = params.get('utm_source');\n    const utmCampaign = params.get('utm_campaign');\n    const utmMedium = params.get('utm_medium');\n    \n    \/\/ Initialize options\n    const options = {\n      url: 'https:\/\/calendly.com\/brian-closcien\/c-100-membership-enquiry?background_color=f9f9f5&text_color=5b5a57&primary_color=ad4d5c'\n    };\n    \n    \/\/ Add prefill data if parameters exist\n    if (email || firstName || lastName) {\n      options.prefill = {};\n      if (email) options.prefill.email = email;\n      if (firstName) options.prefill.firstName = firstName;\n      if (lastName) options.prefill.lastName = lastName;\n    }\n    \n    \/\/ Add UTM data if parameters exist\n    if (utmSource || utmCampaign || utmMedium) {\n      options.utm = {};\n      if (utmSource) options.utm.utmSource = utmSource;\n      if (utmCampaign) options.utm.utmCampaign = utmCampaign;\n      if (utmMedium) options.utm.utmMedium = utmMedium;\n    }\n    \n    Calendly.initPopupWidget(options);\n    return false;\n  }\n<\/script>\n<!-- Calendly link widget end -->\n<\/div>\n<\/div>\n<\/div>\n\n\n\n<hr class=\"wp-block-separator has-text-color has-accent-5-color has-alpha-channel-opacity has-accent-5-background-color has-background is-style-wide is-style-wide--3\"\/>\n\n\n\n<div class=\"wp-block-columns alignwide are-vertically-aligned-top is-layout-flex wp-container-core-columns-is-layout-e569b19d wp-block-columns-is-layout-flex\" style=\"padding-top:var(--wp--preset--spacing--80);padding-right:0;padding-bottom:var(--wp--preset--spacing--80);padding-left:0\">\n<div class=\"wp-block-column is-vertically-aligned-top is-layout-flow wp-block-column-is-layout-flow\" style=\"flex-basis:40%\">\n<h2 class=\"wp-block-heading is-style-default has-calluna-font-family has-xx-large-font-size\">Descarga su Gu\u00eda Completa de Membres\u00eda<\/h2>\n\n\n\n<p>Detalles completos y pormenorizados de CLOS CIEN.<\/p>\n\n\n\n<p class=\"has-medium-font-size\"><em>Inicie su andadura en la viticultura sin las complejidades de la propiedad tradicional de un vi\u00f1edo. <\/em><\/p>\n<\/div>\n\n\n\n<div class=\"wp-block-column is-layout-flow wp-container-core-column-is-layout-8a368f38 wp-block-column-is-layout-flow\" style=\"flex-basis:60%\"><p><div class=\"forminator-ui forminator-custom-form forminator-custom-form-730 forminator-design--default forminator-enclosed forminator_ajax\" data-forminator-render=\"0\" data-form=\"forminator-module-730\" data-uid=\"69f8e0a3c082e\"><br\/><\/div><form\n\t\t\t\tid=\"forminator-module-730\"\n\t\t\t\tclass=\"forminator-ui forminator-custom-form forminator-custom-form-730 forminator-design--default forminator-enclosed forminator_ajax\"\n\t\t\t\tmethod=\"post\"\n\t\t\t\tdata-forminator-render=\"0\"\n\t\t\t\tdata-form-id=\"730\"\n\t\t\t\t data-color-option=\"theme\" data-design=\"default\" data-grid=\"enclosed\" style=\"display: none;\"\n\t\t\t\tdata-uid=\"69f8e0a3c082e\" action=\"\"\n\t\t\t><div role=\"alert\" aria-live=\"polite\" class=\"forminator-response-message forminator-error\" aria-hidden=\"true\"><\/div><div class=\"forminator-row\"><div id=\"name-1\" class=\"forminator-field-name forminator-col forminator-col-12\"><div class=\"forminator-row forminator-no-margin\" data-multiple=\"true\"><div class=\"forminator-col forminator-col-md-6\"><div class=\"forminator-field\"><label for=\"forminator-field-first-name-1_69f8e0a3c082e\" id=\"forminator-field-first-name-1_69f8e0a3c082e-label\" class=\"forminator-label\">Nombre <span class=\"forminator-required\">*<\/span><\/label><input type=\"text\" name=\"name-1-first-name\" placeholder=\"\" id=\"forminator-field-first-name-1_69f8e0a3c082e\" class=\"forminator-input\" aria-required=\"true\" data-multi=\"1\" autocomplete=\"given-name\" value=\"\" \/><\/div><\/div><div class=\"forminator-col forminator-col-md-6\"><div class=\"forminator-field\"><label for=\"forminator-field-last-name-1_69f8e0a3c082e\" id=\"forminator-field-last-name-1_69f8e0a3c082e-label\" class=\"forminator-label\">Apellido <span class=\"forminator-required\">*<\/span><\/label><input type=\"text\" name=\"name-1-last-name\" placeholder=\"\" id=\"forminator-field-last-name-1_69f8e0a3c082e\" class=\"forminator-input\" aria-required=\"true\" data-multi=\"1\" autocomplete=\"family-name\" value=\"\" \/><\/div><\/div><\/div><\/div><\/div><div class=\"forminator-row\"><div id=\"email-1\" class=\"forminator-field-email forminator-col forminator-col-12\"><div class=\"forminator-field\"><label for=\"forminator-field-email-1_69f8e0a3c082e\" id=\"forminator-field-email-1_69f8e0a3c082e-label\" class=\"forminator-label\">Correo electr\u00f3nico profesional <span class=\"forminator-required\">*<\/span><\/label><input type=\"email\" name=\"email-1\" value=\"\" placeholder=\"\" id=\"forminator-field-email-1_69f8e0a3c082e\" class=\"forminator-input forminator-email--field\" data-required=\"1\" aria-required=\"true\" autocomplete=\"email\" \/><\/div><\/div><\/div><div class=\"forminator-row\"><div id=\"consent-1\" class=\"forminator-field-consent forminator-col forminator-col-12\"><div class=\"forminator-field\"><label for=\"forminator-field-consent-1_69f8e0a3c082e\" id=\"forminator-field-consent-1_69f8e0a3c082e-label\" class=\"forminator-label\">Consentimiento <span class=\"forminator-required\">*<\/span><\/label><div class=\"forminator-checkbox__wrapper\"><label id=\"forminator-field-consent-1_69f8e0a3c082e__label\" class=\"forminator-checkbox forminator-consent\"><input type=\"checkbox\" name=\"consent-1\" id=\"forminator-field-consent-1_69f8e0a3c082e\" value=\"checked\" aria-labelledby=\"forminator-field-consent-1_69f8e0a3c082e-label\" aria-describedby=\"forminator-field-consent-1_69f8e0a3c082e__description\" data-required=\"true\" aria-required=\"true\" \/><span class=\"forminator-checkbox-box\" aria-hidden=\"true\"><\/span><\/label><div id=\"forminator-field-consent-1_69f8e0a3c082e__description\" class=\"forminator-checkbox__label forminator-consent__label\"><p>S\u00ed, tengo edad para consumir alcohol y acepto las&nbsp;<a rel=\"noopener\" target=\"_blank\" href=\"https:\/\/closcien.com\/es\/aviso-de-privacidad\/\" style=\"color: #5b5a57;text-decoration: underline\">Pol\u00edtica de privacidad.<\/a><\/p><\/div><\/div><\/div><\/div><\/div><div class=\"forminator-row forminator-hidden\"><div id=\"hidden-1\" class=\"forminator-field-hidden  forminator-col-12\"><input type=\"hidden\" id=\"hidden-1_69f8e0a3c082e\" name=\"hidden-1\" value=\"Lead Gen Form Home\" \/><\/div><\/div><div class=\"forminator-row\"><div id=\"captcha-1\" class=\"forminator-field-captcha forminator-col forminator-col-12\"><div class=\"forminator-captcha-left forminator-g-recaptcha recaptcha-invisible\" data-theme=\"light\" data-badge=\"inline\" data-sitekey=\"6LfeNporAAAAALdyB-pPc2jZ3WqXs3RbJDKUaCXN\" data-size=\"invisible\"><\/div> <\/div><\/div><input type=\"hidden\" name=\"referer_url\" value=\"\" \/><div class=\"forminator-row forminator-row-last\"><div class=\"forminator-col\"><div class=\"forminator-field\"><button class=\"forminator-button forminator-button-submit\">Obtener mi gu\u00eda de socio<\/button><\/div><\/div><\/div><input type=\"hidden\" id=\"forminator_nonce\" name=\"forminator_nonce\" value=\"5d33b925ab\" \/><input type=\"hidden\" name=\"_wp_http_referer\" value=\"\/es\/wp-json\/wp\/v2\/pages\/1003\" \/><input type=\"hidden\" name=\"form_id\" value=\"730\"><input type=\"hidden\" name=\"page_id\" value=\"1003\"><input type=\"hidden\" name=\"form_type\" value=\"default\"><input type=\"hidden\" name=\"current_url\" value=\"https:\/\/closcien.com\/es\/clos-cien-manifesto\/\"><input type=\"hidden\" name=\"render_id\" value=\"0\"><input type=\"hidden\" name=\"action\" value=\"forminator_submit_form_custom-forms\"><input type=\"hidden\" name=\"trp-form-language\" value=\"es\"\/><\/form><\/p>\n\n\n\n<div class=\"wp-block-group is-vertical is-content-justification-right is-layout-flex wp-container-core-group-is-layout-c0d519fa wp-block-group-is-layout-flex\">\n<p class=\"has-text-align-right\"><strong>Guiado por un equipo de en\u00f3logos expertos<\/strong><br><em>Miguel \u00c1ngel Mill\u00e1n<\/em>, <em> <\/em>Mejor sumiller del mundo 2023<\/p>\n\n\n\n<figure class=\"wp-block-image aligncenter size-full is-resized is-style-rounded\"><img loading=\"lazy\" decoding=\"async\" width=\"413\" height=\"310\" src=\"https:\/\/closcien.com\/wp-content\/uploads\/2025\/04\/Miguel.png\" alt=\"\" class=\"wp-image-184\" style=\"aspect-ratio:1;object-fit:cover;width:auto;height:72px\" srcset=\"https:\/\/closcien.com\/wp-content\/uploads\/2025\/04\/Miguel.png 413w, https:\/\/closcien.com\/wp-content\/uploads\/2025\/04\/Miguel-300x225.png 300w\" sizes=\"auto, (max-width: 413px) 100vw, 413px\" \/><\/figure>\n<\/div>\n<\/div>\n<\/div>","protected":false},"excerpt":{"rendered":"<p>1. That Wall is Complexity Traditional vineyard ownership means Spanish property law, agricultural regulations, equipment investments, harvest management, cellar operations. The kind of full-time commitment that turns passion into overwhelming responsibility. So most wine lovers remain consumers. Buying other people&#8217;s wines. Visiting other people&#8217;s vineyards. Dreaming about what it would be like to craft something [&hellip;]<\/p>\n","protected":false},"author":1,"featured_media":0,"parent":0,"menu_order":0,"comment_status":"closed","ping_status":"closed","template":"wp-custom-template-pages-with-navigation","meta":{"footnotes":""},"class_list":["post-1003","page","type-page","status-publish","hentry"],"_links":{"self":[{"href":"https:\/\/closcien.com\/es\/wp-json\/wp\/v2\/pages\/1003","targetHints":{"allow":["GET"]}}],"collection":[{"href":"https:\/\/closcien.com\/es\/wp-json\/wp\/v2\/pages"}],"about":[{"href":"https:\/\/closcien.com\/es\/wp-json\/wp\/v2\/types\/page"}],"author":[{"embeddable":true,"href":"https:\/\/closcien.com\/es\/wp-json\/wp\/v2\/users\/1"}],"replies":[{"embeddable":true,"href":"https:\/\/closcien.com\/es\/wp-json\/wp\/v2\/comments?post=1003"}],"version-history":[{"count":10,"href":"https:\/\/closcien.com\/es\/wp-json\/wp\/v2\/pages\/1003\/revisions"}],"predecessor-version":[{"id":1320,"href":"https:\/\/closcien.com\/es\/wp-json\/wp\/v2\/pages\/1003\/revisions\/1320"}],"wp:attachment":[{"href":"https:\/\/closcien.com\/es\/wp-json\/wp\/v2\/media?parent=1003"}],"curies":[{"name":"wp","href":"https:\/\/api.w.org\/{rel}","templated":true}]}}